{"id":93,"date":"2016-01-25T14:15:39","date_gmt":"2016-01-25T12:15:39","guid":{"rendered":"http:\/\/www.palamuse.edu.ee\/web3\/?page_id=93"},"modified":"2024-08-28T22:07:05","modified_gmt":"2024-08-28T19:07:05","slug":"1-klassi-vastuvott","status":"publish","type":"page","link":"https:\/\/www.palamuse.edu.ee\/web3\/vastuvott\/1-klassi-vastuvott\/","title":{"rendered":"1. klassi vastuv\u00f5tt"},"content":{"rendered":"<p>Head 1. klassi astuvate laste vanemad!<\/p>\n<p>Ootame avaldusi 2024\/2025 \u00f5ppeaastal Oskar Lutsu Palamuse P\u00f5hikooli \u00f5ppima asumiseks.<br \/><span style=\"line-height: 1.3em;\"><br \/><img loading=\"lazy\" class=\"alignnone size-full wp-image-267\" src=\"https:\/\/www.palamuse.edu.ee\/web3\/wp-content\/uploads\/ico_punkt_pruun.jpg\" alt=\"ico_punkt_pruun\" width=\"8\" height=\"8\" \/>\u00a0 Avalduse saab esitada <a href=\"https:\/\/forms.office.com\/Pages\/ResponsePage.aspx?id=7gu2O98yE0iKc0bAXVSmus9KIrk4CcRGp8g87Qz_KglUMVkwUExZUDFURzYxUUpWR1FYTkFIWjIzNC4u\"><span style=\"color: #993300;\"><strong>SIIN.<\/strong> <\/span><\/a>\u00a0\u00a0<\/span><\/p>\n<p><img loading=\"lazy\" class=\"alignnone size-full wp-image-267\" src=\"https:\/\/www.palamuse.edu.ee\/web3\/wp-content\/uploads\/ico_punkt_pruun.jpg\" alt=\"ico_punkt_pruun\" width=\"8\" height=\"8\" \/> Avaldusele lisaks tuleb esitada \u00a0lapse s\u00fcnnitunnistuse v\u00f5i IDkaardi koopia.<br \/>Koolivalmiduskaardi (<em><a href=\"https:\/\/www.riigiteataja.ee\/akt\/130122015022\">koolieelse lasteasutuse seadus <\/a>\u00a7 16 l\u00f5ige 5<\/em>)\u00a0 v\u00f5ib tuua kooli kantseleisse Teile sobival ajal, kuid hiljemalt augustikuu jooksul. \u00d5pilaspileti foto (3 x 4 cm) esitada, kui soovite saada \u00f5pilaspiletit.<\/p>\n<p><a href=\"https:\/\/www.palamuse.edu.ee\/web3\/wp-content\/uploads\/meelespea_1klass_2425.pdf\"><span style=\"line-height: 1.3em;\"><img loading=\"lazy\" class=\"alignnone size-full wp-image-267\" src=\"https:\/\/www.palamuse.edu.ee\/web3\/wp-content\/uploads\/ico_punkt_pruun.jpg\" alt=\"ico_punkt_pruun\" width=\"8\" height=\"8\" \/> <\/span>I klassi vajalikud \u00f5ppevahendid<\/a><\/p>\n\n","protected":false},"excerpt":{"rendered":"<p>Head 1. klassi astuvate laste vanemad! Ootame avaldusi 2024\/2025 \u00f5ppeaastal Oskar Lutsu Palamuse P\u00f5hikooli \u00f5ppima asumiseks.\u00a0 Avalduse saab esitada SIIN. \u00a0\u00a0 Avaldusele lisaks tuleb esitada \u00a0lapse s\u00fcnnitunnistuse v\u00f5i IDkaardi koopia.Koolivalmiduskaardi (koolieelse lasteasutuse seadus \u00a7 16 l\u00f5ige 5)\u00a0 v\u00f5ib tuua kooli kantseleisse Teile sobival ajal, kuid hiljemalt augustikuu jooksul. \u00d5pilaspileti foto (3 x 4 cm) esitada, &hellip; <\/p>\n<p><a class=\"more-link btn\" href=\"https:\/\/www.palamuse.edu.ee\/web3\/vastuvott\/1-klassi-vastuvott\/\">J\u00e4tka lugemist<\/a><\/p>\n","protected":false},"author":2,"featured_media":0,"parent":80,"menu_order":0,"comment_status":"closed","ping_status":"closed","template":"","meta":[],"_links":{"self":[{"href":"https:\/\/www.palamuse.edu.ee\/web3\/wp-json\/wp\/v2\/pages\/93"}],"collection":[{"href":"https:\/\/www.palamuse.edu.ee\/web3\/wp-json\/wp\/v2\/pages"}],"about":[{"href":"https:\/\/www.palamuse.edu.ee\/web3\/wp-json\/wp\/v2\/types\/page"}],"author":[{"embeddable":true,"href":"https:\/\/www.palamuse.edu.ee\/web3\/wp-json\/wp\/v2\/users\/2"}],"replies":[{"embeddable":true,"href":"https:\/\/www.palamuse.edu.ee\/web3\/wp-json\/wp\/v2\/comments?post=93"}],"version-history":[{"count":5,"href":"https:\/\/www.palamuse.edu.ee\/web3\/wp-json\/wp\/v2\/pages\/93\/revisions"}],"predecessor-version":[{"id":6933,"href":"https:\/\/www.palamuse.edu.ee\/web3\/wp-json\/wp\/v2\/pages\/93\/revisions\/6933"}],"up":[{"embeddable":true,"href":"https:\/\/www.palamuse.edu.ee\/web3\/wp-json\/wp\/v2\/pages\/80"}],"wp:attachment":[{"href":"https:\/\/www.palamuse.edu.ee\/web3\/wp-json\/wp\/v2\/media?parent=93"}],"curies":[{"name":"wp","href":"https:\/\/api.w.org\/{rel}","templated":true}]}}