{"id":82,"date":"2016-06-01T14:11:03","date_gmt":"2016-06-01T11:11:03","guid":{"rendered":"http:\/\/www.palamuse.edu.ee\/web3\/?page_id=82"},"modified":"2025-09-19T10:27:01","modified_gmt":"2025-09-19T07:27:01","slug":"taitmata-ametikohad","status":"publish","type":"page","link":"https:\/\/www.palamuse.edu.ee\/web3\/taitmata-ametikohad\/","title":{"rendered":"T\u00e4itmata ametikohad"},"content":{"rendered":"\n<p>Hetkel t\u00e4itmata ametikohti pole.<\/p>\n<p>Kui soovid meie kooliga liituda, anna endast teada saates CV oma ideega kool@palamuse.edu.ee. Siis teame, et sul on selline soov ja ehk leiame v\u00f5imalused koost\u00f6\u00f6ks.<br \/>Kool on huvitatud ringijuhtidest, kes oleks valmis panustama \u00fcldhariduskoolis laste huviharidusse.<\/p>\n","protected":false},"excerpt":{"rendered":"<p>Hetkel t\u00e4itmata ametikohti pole. Kui soovid meie kooliga liituda, anna endast teada saates CV oma ideega kool@palamuse.edu.ee. Siis teame, et sul on selline soov ja ehk leiame v\u00f5imalused koost\u00f6\u00f6ks.Kool on huvitatud ringijuhtidest, kes oleks valmis panustama \u00fcldhariduskoolis laste huviharidusse.<\/p>\n","protected":false},"author":2,"featured_media":0,"parent":0,"menu_order":0,"comment_status":"closed","ping_status":"closed","template":"","meta":[],"_links":{"self":[{"href":"https:\/\/www.palamuse.edu.ee\/web3\/wp-json\/wp\/v2\/pages\/82"}],"collection":[{"href":"https:\/\/www.palamuse.edu.ee\/web3\/wp-json\/wp\/v2\/pages"}],"about":[{"href":"https:\/\/www.palamuse.edu.ee\/web3\/wp-json\/wp\/v2\/types\/page"}],"author":[{"embeddable":true,"href":"https:\/\/www.palamuse.edu.ee\/web3\/wp-json\/wp\/v2\/users\/2"}],"replies":[{"embeddable":true,"href":"https:\/\/www.palamuse.edu.ee\/web3\/wp-json\/wp\/v2\/comments?post=82"}],"version-history":[{"count":5,"href":"https:\/\/www.palamuse.edu.ee\/web3\/wp-json\/wp\/v2\/pages\/82\/revisions"}],"predecessor-version":[{"id":8198,"href":"https:\/\/www.palamuse.edu.ee\/web3\/wp-json\/wp\/v2\/pages\/82\/revisions\/8198"}],"wp:attachment":[{"href":"https:\/\/www.palamuse.edu.ee\/web3\/wp-json\/wp\/v2\/media?parent=82"}],"curies":[{"name":"wp","href":"https:\/\/api.w.org\/{rel}","templated":true}]}}