{"id":80,"date":"2016-01-25T14:10:40","date_gmt":"2016-01-25T12:10:40","guid":{"rendered":"http:\/\/www.palamuse.edu.ee\/web3\/?page_id=80"},"modified":"2024-09-02T13:01:09","modified_gmt":"2024-09-02T10:01:09","slug":"vastuvott","status":"publish","type":"page","link":"https:\/\/www.palamuse.edu.ee\/web3\/vastuvott\/","title":{"rendered":"Vastuv\u00f5tt"},"content":{"rendered":"<p><img loading=\"lazy\" class=\"alignnone size-full wp-image-263\" src=\"https:\/\/www.palamuse.edu.ee\/web3\/wp-content\/uploads\/ico_punkt_roheline.jpg\" alt=\"ico_punkt_roheline\" width=\"8\" height=\"8\" \/> Oskar Lutsu Palamuse P\u00f5hikooli \u00f5pilaste vastuv\u00f5tmise kord <strong><span style=\"color: #000080;\"><a style=\"color: #000080;\" href=\"https:\/\/www.palamuse.edu.ee\/web3\/wp-content\/uploads\/vastuvotu_kord_01082011_muudetud_28022013.pdf\">siin<\/a><\/span><\/strong><span style=\"color: #000080;\"><a style=\"color: #000080;\" href=\"https:\/\/www.palamuse.edu.ee\/web3\/wp-content\/uploads\/vastuvotu_kord_01082011_muudetud_28022013.doc\">.<\/a><\/span><\/p>\n<p><img loading=\"lazy\" class=\"alignnone size-full wp-image-263\" src=\"https:\/\/www.palamuse.edu.ee\/web3\/wp-content\/uploads\/ico_punkt_roheline.jpg\" alt=\"ico_punkt_roheline\" width=\"8\" height=\"8\" \/>\u00a0<span style=\"color: #000000;\">Vastuv\u00f5tt 1. klassi (20<\/span>24\/2025 \u00f5ppeaastaks). Rohkem infot <a href=\"https:\/\/www.palamuse.edu.ee\/web3\/vastuvott\/1-klassi-vastuvott\/\"><strong><span style=\"color: #000080;\">siit<\/span><\/strong><\/a>.<\/p>\n<p>\u00a0<\/p>\n\n","protected":false},"excerpt":{"rendered":"<p>Oskar Lutsu Palamuse P\u00f5hikooli \u00f5pilaste vastuv\u00f5tmise kord siin. \u00a0Vastuv\u00f5tt 1. klassi (2024\/2025 \u00f5ppeaastaks). Rohkem infot siit. \u00a0<\/p>\n","protected":false},"author":2,"featured_media":0,"parent":0,"menu_order":0,"comment_status":"closed","ping_status":"closed","template":"","meta":[],"_links":{"self":[{"href":"https:\/\/www.palamuse.edu.ee\/web3\/wp-json\/wp\/v2\/pages\/80"}],"collection":[{"href":"https:\/\/www.palamuse.edu.ee\/web3\/wp-json\/wp\/v2\/pages"}],"about":[{"href":"https:\/\/www.palamuse.edu.ee\/web3\/wp-json\/wp\/v2\/types\/page"}],"author":[{"embeddable":true,"href":"https:\/\/www.palamuse.edu.ee\/web3\/wp-json\/wp\/v2\/users\/2"}],"replies":[{"embeddable":true,"href":"https:\/\/www.palamuse.edu.ee\/web3\/wp-json\/wp\/v2\/comments?post=80"}],"version-history":[{"count":5,"href":"https:\/\/www.palamuse.edu.ee\/web3\/wp-json\/wp\/v2\/pages\/80\/revisions"}],"predecessor-version":[{"id":6984,"href":"https:\/\/www.palamuse.edu.ee\/web3\/wp-json\/wp\/v2\/pages\/80\/revisions\/6984"}],"wp:attachment":[{"href":"https:\/\/www.palamuse.edu.ee\/web3\/wp-json\/wp\/v2\/media?parent=80"}],"curies":[{"name":"wp","href":"https:\/\/api.w.org\/{rel}","templated":true}]}}