{"id":7126,"date":"2024-09-25T14:23:04","date_gmt":"2024-09-25T11:23:04","guid":{"rendered":"https:\/\/www.palamuse.edu.ee\/web3\/?page_id=7126"},"modified":"2025-09-03T08:45:42","modified_gmt":"2025-09-03T05:45:42","slug":"valikainete-tutvustus","status":"publish","type":"page","link":"https:\/\/www.palamuse.edu.ee\/web3\/valikainete-tutvustus\/","title":{"rendered":"Valikainete tutvustus"},"content":{"rendered":"\n<p>OLPP-s on 2.-3. klassi \u00f5pilastel ja 4.-6. klassi \u00f5pilastel v\u00f5imalik valida endale \u00fcks valikaine. Allpool on avatud v\u00f5imaluste tutvustused.\u00a0<br \/>Lisaks on \u00f5pilasel v\u00f5imalik valikainena registreerida kooliv\u00e4lises ringis osalemine (ujumine, tantsutrenn, muusikakool vms). <br \/>Selleks tuleb 01. oktoobriks 2025 esitada <a href=\"https:\/\/www.palamuse.edu.ee\/web3\/wp-content\/uploads\/Lisa-6-OLPP-Koolivalise-valikaine-avaldus-2.docx\" target=\"_blank\" rel=\"noopener\"><strong>t\u00e4idetud taotlus.<\/strong><\/a><\/p>\n<p>Kevadel, \u00f5ppeperioodi l\u00f5pus tuleb esitada <strong>Kinnitus \u00f5ppemahu t\u00e4itmise kohta<\/strong> (sama vorm, lk 2).<\/p>\n<ul>\n<li><strong>2.-3. klassi valikained 2024\/2025 \u00f5ppeaastal on:\u00a0<\/strong><\/li>\n<\/ul>\n<p>Oma eelistuse saad m\u00e4rkida <strong>Stuudiumis<\/strong><\/p>\n<p><a href=\"https:\/\/www.palamuse.edu.ee\/web3\/wp-content\/uploads\/Majandusopetuse-7-sammu-2.pdf\" target=\"_blank\" rel=\"noopener\"><img loading=\"lazy\" class=\"alignnone size-large wp-image-7081\" src=\"https:\/\/www.palamuse.edu.ee\/web3\/wp-content\/uploads\/Majandusopetuse-flaier.-1-724x1024.png\" alt=\"\" width=\"555\" height=\"785\" srcset=\"https:\/\/www.palamuse.edu.ee\/web3\/wp-content\/uploads\/Majandusopetuse-flaier.-1-724x1024.png 724w, https:\/\/www.palamuse.edu.ee\/web3\/wp-content\/uploads\/Majandusopetuse-flaier.-1-212x300.png 212w, https:\/\/www.palamuse.edu.ee\/web3\/wp-content\/uploads\/Majandusopetuse-flaier.-1-555x785.png 555w, https:\/\/www.palamuse.edu.ee\/web3\/wp-content\/uploads\/Majandusopetuse-flaier.-1.png 848w\" sizes=\"(max-width: 555px) 100vw, 555px\" \/><\/a><\/p>\n<p><a href=\"https:\/\/www.palamuse.edu.ee\/web3\/wp-content\/uploads\/Draamaopetus-I-ja-II-kooliaste-ainekava.pdf\" target=\"_blank\" rel=\"noopener\"><img loading=\"lazy\" class=\"alignnone size-large wp-image-7080\" src=\"https:\/\/www.palamuse.edu.ee\/web3\/wp-content\/uploads\/Draamaopetuse-flaier-724x1024.jpg\" alt=\"\" width=\"555\" height=\"785\" srcset=\"https:\/\/www.palamuse.edu.ee\/web3\/wp-content\/uploads\/Draamaopetuse-flaier-724x1024.jpg 724w, https:\/\/www.palamuse.edu.ee\/web3\/wp-content\/uploads\/Draamaopetuse-flaier-212x300.jpg 212w, https:\/\/www.palamuse.edu.ee\/web3\/wp-content\/uploads\/Draamaopetuse-flaier-1086x1536.jpg 1086w, https:\/\/www.palamuse.edu.ee\/web3\/wp-content\/uploads\/Draamaopetuse-flaier-1448x2048.jpg 1448w, https:\/\/www.palamuse.edu.ee\/web3\/wp-content\/uploads\/Draamaopetuse-flaier-555x785.jpg 555w, https:\/\/www.palamuse.edu.ee\/web3\/wp-content\/uploads\/Draamaopetuse-flaier.jpg 1587w\" sizes=\"(max-width: 555px) 100vw, 555px\" \/><\/a> <img loading=\"lazy\" class=\"alignnone size-large wp-image-7079\" src=\"https:\/\/www.palamuse.edu.ee\/web3\/wp-content\/uploads\/FLAIER_KUNST-745x1024.jpg\" alt=\"\" width=\"555\" height=\"763\" srcset=\"https:\/\/www.palamuse.edu.ee\/web3\/wp-content\/uploads\/FLAIER_KUNST-745x1024.jpg 745w, https:\/\/www.palamuse.edu.ee\/web3\/wp-content\/uploads\/FLAIER_KUNST-218x300.jpg 218w, https:\/\/www.palamuse.edu.ee\/web3\/wp-content\/uploads\/FLAIER_KUNST-1117x1536.jpg 1117w, https:\/\/www.palamuse.edu.ee\/web3\/wp-content\/uploads\/FLAIER_KUNST-555x763.jpg 555w, https:\/\/www.palamuse.edu.ee\/web3\/wp-content\/uploads\/FLAIER_KUNST.jpg 1276w\" sizes=\"(max-width: 555px) 100vw, 555px\" \/>\u00a0\u00a0<\/p>\n<ul>\n<li><strong>4.-6. klassi valikained k\u00e4esoleval \u00f5ppeaastal on:<\/strong><\/li>\n<\/ul>\n<p>Oma eelistuse saad m\u00e4rkida <strong><a href=\"https:\/\/palamuse.ope.ee\/registreeri\/207\">Stuudiumis<\/a><\/strong><\/p>\n<p><a href=\"https:\/\/www.palamuse.edu.ee\/web3\/wp-content\/uploads\/Draamaopetus-I-ja-II-kooliaste-ainekava.pdf\" target=\"_blank\" rel=\"noopener\"><img loading=\"lazy\" class=\"alignnone size-large wp-image-7080\" src=\"https:\/\/www.palamuse.edu.ee\/web3\/wp-content\/uploads\/Draamaopetuse-flaier-724x1024.jpg\" alt=\"\" width=\"555\" height=\"785\" srcset=\"https:\/\/www.palamuse.edu.ee\/web3\/wp-content\/uploads\/Draamaopetuse-flaier-724x1024.jpg 724w, https:\/\/www.palamuse.edu.ee\/web3\/wp-content\/uploads\/Draamaopetuse-flaier-212x300.jpg 212w, https:\/\/www.palamuse.edu.ee\/web3\/wp-content\/uploads\/Draamaopetuse-flaier-1086x1536.jpg 1086w, https:\/\/www.palamuse.edu.ee\/web3\/wp-content\/uploads\/Draamaopetuse-flaier-1448x2048.jpg 1448w, https:\/\/www.palamuse.edu.ee\/web3\/wp-content\/uploads\/Draamaopetuse-flaier-555x785.jpg 555w, https:\/\/www.palamuse.edu.ee\/web3\/wp-content\/uploads\/Draamaopetuse-flaier.jpg 1587w\" sizes=\"(max-width: 555px) 100vw, 555px\" \/><\/a> <img loading=\"lazy\" class=\"alignnone size-large wp-image-7079\" src=\"https:\/\/www.palamuse.edu.ee\/web3\/wp-content\/uploads\/FLAIER_KUNST-745x1024.jpg\" alt=\"\" width=\"555\" height=\"763\" srcset=\"https:\/\/www.palamuse.edu.ee\/web3\/wp-content\/uploads\/FLAIER_KUNST-745x1024.jpg 745w, https:\/\/www.palamuse.edu.ee\/web3\/wp-content\/uploads\/FLAIER_KUNST-218x300.jpg 218w, https:\/\/www.palamuse.edu.ee\/web3\/wp-content\/uploads\/FLAIER_KUNST-1117x1536.jpg 1117w, https:\/\/www.palamuse.edu.ee\/web3\/wp-content\/uploads\/FLAIER_KUNST-555x763.jpg 555w, https:\/\/www.palamuse.edu.ee\/web3\/wp-content\/uploads\/FLAIER_KUNST.jpg 1276w\" sizes=\"(max-width: 555px) 100vw, 555px\" \/> <img loading=\"lazy\" class=\"alignnone size-large wp-image-7078\" src=\"https:\/\/www.palamuse.edu.ee\/web3\/wp-content\/uploads\/Sonakunsti-valikaine-4.\u20136.-klassi-opilastele-724x1024.png\" alt=\"\" width=\"555\" height=\"785\" srcset=\"https:\/\/www.palamuse.edu.ee\/web3\/wp-content\/uploads\/Sonakunsti-valikaine-4.\u20136.-klassi-opilastele-724x1024.png 724w, https:\/\/www.palamuse.edu.ee\/web3\/wp-content\/uploads\/Sonakunsti-valikaine-4.\u20136.-klassi-opilastele-212x300.png 212w, https:\/\/www.palamuse.edu.ee\/web3\/wp-content\/uploads\/Sonakunsti-valikaine-4.\u20136.-klassi-opilastele-1086x1536.png 1086w, https:\/\/www.palamuse.edu.ee\/web3\/wp-content\/uploads\/Sonakunsti-valikaine-4.\u20136.-klassi-opilastele-555x785.png 555w, https:\/\/www.palamuse.edu.ee\/web3\/wp-content\/uploads\/Sonakunsti-valikaine-4.\u20136.-klassi-opilastele.png 1414w\" sizes=\"(max-width: 555px) 100vw, 555px\" \/><\/p>\n<p>\u00a0\u00a0\u00a0<a href=\"https:\/\/www.palamuse.edu.ee\/web3\/wp-content\/uploads\/Vorkpalli-ainekava-JSK.pdf\" target=\"_blank\" rel=\"noopener\"><img loading=\"lazy\" class=\"alignnone size-large wp-image-7077\" src=\"https:\/\/www.palamuse.edu.ee\/web3\/wp-content\/uploads\/Valikaine-vorkpall-2024-724x1024.png\" alt=\"\" width=\"555\" height=\"785\" srcset=\"https:\/\/www.palamuse.edu.ee\/web3\/wp-content\/uploads\/Valikaine-vorkpall-2024-724x1024.png 724w, https:\/\/www.palamuse.edu.ee\/web3\/wp-content\/uploads\/Valikaine-vorkpall-2024-212x300.png 212w, https:\/\/www.palamuse.edu.ee\/web3\/wp-content\/uploads\/Valikaine-vorkpall-2024-1086x1536.png 1086w, https:\/\/www.palamuse.edu.ee\/web3\/wp-content\/uploads\/Valikaine-vorkpall-2024-555x785.png 555w, https:\/\/www.palamuse.edu.ee\/web3\/wp-content\/uploads\/Valikaine-vorkpall-2024.png 1414w\" sizes=\"(max-width: 555px) 100vw, 555px\" \/><\/a><\/p>\n<p>\u00a0<\/p>\n","protected":false},"excerpt":{"rendered":"<p>OLPP-s on 2.-3. klassi \u00f5pilastel ja 4.-6. klassi \u00f5pilastel v\u00f5imalik valida endale \u00fcks valikaine. Allpool on avatud v\u00f5imaluste tutvustused.\u00a0Lisaks on \u00f5pilasel v\u00f5imalik valikainena registreerida kooliv\u00e4lises ringis osalemine (ujumine, tantsutrenn, muusikakool vms). Selleks tuleb 01. oktoobriks 2025 esitada t\u00e4idetud taotlus. Kevadel, \u00f5ppeperioodi l\u00f5pus tuleb esitada Kinnitus \u00f5ppemahu t\u00e4itmise kohta (sama vorm, lk 2). 2.-3. klassi valikained &hellip; <\/p>\n<p><a class=\"more-link btn\" href=\"https:\/\/www.palamuse.edu.ee\/web3\/valikainete-tutvustus\/\">J\u00e4tka lugemist<\/a><\/p>\n","protected":false},"author":7,"featured_media":0,"parent":0,"menu_order":0,"comment_status":"closed","ping_status":"closed","template":"","meta":[],"_links":{"self":[{"href":"https:\/\/www.palamuse.edu.ee\/web3\/wp-json\/wp\/v2\/pages\/7126"}],"collection":[{"href":"https:\/\/www.palamuse.edu.ee\/web3\/wp-json\/wp\/v2\/pages"}],"about":[{"href":"https:\/\/www.palamuse.edu.ee\/web3\/wp-json\/wp\/v2\/types\/page"}],"author":[{"embeddable":true,"href":"https:\/\/www.palamuse.edu.ee\/web3\/wp-json\/wp\/v2\/users\/7"}],"replies":[{"embeddable":true,"href":"https:\/\/www.palamuse.edu.ee\/web3\/wp-json\/wp\/v2\/comments?post=7126"}],"version-history":[{"count":2,"href":"https:\/\/www.palamuse.edu.ee\/web3\/wp-json\/wp\/v2\/pages\/7126\/revisions"}],"predecessor-version":[{"id":8155,"href":"https:\/\/www.palamuse.edu.ee\/web3\/wp-json\/wp\/v2\/pages\/7126\/revisions\/8155"}],"wp:attachment":[{"href":"https:\/\/www.palamuse.edu.ee\/web3\/wp-json\/wp\/v2\/media?parent=7126"}],"curies":[{"name":"wp","href":"https:\/\/api.w.org\/{rel}","templated":true}]}}