{"id":7025,"date":"2024-09-06T14:31:09","date_gmt":"2024-09-06T11:31:09","guid":{"rendered":"https:\/\/www.palamuse.edu.ee\/web3\/?page_id=7025"},"modified":"2024-09-06T14:35:04","modified_gmt":"2024-09-06T11:35:04","slug":"uldkoosolek-2024","status":"publish","type":"page","link":"https:\/\/www.palamuse.edu.ee\/web3\/uldkoosolek-2024\/","title":{"rendered":"Hea lapsevanem!"},"content":{"rendered":"\n<p>Ootame Sind meie kooli lastevanemate \u00fcldkoosolekule, mis toimub kooli v\u00e4ikeses saalis neljap\u00e4eval, 19. septembril kell 17.00. Koosolekule sisene k\u00fcljeuksest.<\/p>\n<p>Koosolekul v\u00f5tame kokku eelmise \u00f5ppeaasta ja jagame infot \u00e4sja alanud \u00f5ppeaastaks. Heidame pilgu hoolekogu t\u00f6\u00f6le. Arutame vanematekogu loomist. Vastame tekkinud k\u00fcsimustele.<\/p>\n<p>Enne koosolekut on taas v\u00f5imalik s\u00f6\u00f6klas saada osa maitsvast koolitoidust kell 16-16.45. Koolitoit on tasuta. Pane end kirja Stuudiumis (<a href=\"https:\/\/palamuse.ope.ee\/registreeri\" target=\"_blank\" rel=\"noopener\">https:\/\/palamuse.ope.ee\/registreeri<\/a>) enne 17. septembrit. S\u00f6\u00f6klasse sisene peauksest.<\/p>\n<p>R\u00f5\u00f5msa kohtumiseni!<br \/>Siiri S\u00f5mer<br \/>direktor<\/p>\n","protected":false},"excerpt":{"rendered":"<p>Ootame Sind meie kooli lastevanemate \u00fcldkoosolekule, mis toimub kooli v\u00e4ikeses saalis neljap\u00e4eval, 19. septembril kell 17.00. Koosolekule sisene k\u00fcljeuksest. Koosolekul v\u00f5tame kokku eelmise \u00f5ppeaasta ja jagame infot \u00e4sja alanud \u00f5ppeaastaks. Heidame pilgu hoolekogu t\u00f6\u00f6le. Arutame vanematekogu loomist. Vastame tekkinud k\u00fcsimustele. Enne koosolekut on taas v\u00f5imalik s\u00f6\u00f6klas saada osa maitsvast koolitoidust kell 16-16.45. Koolitoit on tasuta. &hellip; <\/p>\n<p><a class=\"more-link btn\" href=\"https:\/\/www.palamuse.edu.ee\/web3\/uldkoosolek-2024\/\">J\u00e4tka lugemist<\/a><\/p>\n","protected":false},"author":8,"featured_media":0,"parent":0,"menu_order":0,"comment_status":"closed","ping_status":"closed","template":"","meta":[],"_links":{"self":[{"href":"https:\/\/www.palamuse.edu.ee\/web3\/wp-json\/wp\/v2\/pages\/7025"}],"collection":[{"href":"https:\/\/www.palamuse.edu.ee\/web3\/wp-json\/wp\/v2\/pages"}],"about":[{"href":"https:\/\/www.palamuse.edu.ee\/web3\/wp-json\/wp\/v2\/types\/page"}],"author":[{"embeddable":true,"href":"https:\/\/www.palamuse.edu.ee\/web3\/wp-json\/wp\/v2\/users\/8"}],"replies":[{"embeddable":true,"href":"https:\/\/www.palamuse.edu.ee\/web3\/wp-json\/wp\/v2\/comments?post=7025"}],"version-history":[{"count":3,"href":"https:\/\/www.palamuse.edu.ee\/web3\/wp-json\/wp\/v2\/pages\/7025\/revisions"}],"predecessor-version":[{"id":7030,"href":"https:\/\/www.palamuse.edu.ee\/web3\/wp-json\/wp\/v2\/pages\/7025\/revisions\/7030"}],"wp:attachment":[{"href":"https:\/\/www.palamuse.edu.ee\/web3\/wp-json\/wp\/v2\/media?parent=7025"}],"curies":[{"name":"wp","href":"https:\/\/api.w.org\/{rel}","templated":true}]}}