{"id":6871,"date":"2024-08-07T14:11:37","date_gmt":"2024-08-07T11:11:37","guid":{"rendered":"https:\/\/www.palamuse.edu.ee\/web3\/?page_id=6871"},"modified":"2024-08-07T14:15:50","modified_gmt":"2024-08-07T11:15:50","slug":"hea-lapsevanem","status":"publish","type":"page","link":"https:\/\/www.palamuse.edu.ee\/web3\/hea-lapsevanem\/","title":{"rendered":"Hea lapsevanem!"},"content":{"rendered":"\n<p>Meie kooli \u00fcks p\u00f5hiv\u00e4\u00e4rtusi on \u00f5ppijakesksus. See t\u00e4hendab \u00f5ppimiseks soodsate tingimuste loomist, olgu need siis t\u00f5husate \u00f5pistrateegiate kasutamine, sobiva vaimse ja f\u00fc\u00fcsilise keskkonna loomine v\u00f5i veel midagi, mille j\u00e4rele n\u00e4eme vajadust.<\/p>\n<p>Toetume muudatuste sisseviimisel teadus- ja t\u00f5endusp\u00f5hisusele. \u00dcks viis, mida teadlased soovitavad, on hilisem koolip\u00e4eva algus, kuna suure osa teismeliste sisemine uner\u00fctm nihkub hilisemaks, kui oli eelkoolieas.<\/p>\n<p>Selleks, et toetada \u00f5pilaste vaimset tervist ja toimetulekut, algavad uuel \u00f5ppeaastal tunnid meie koolis kell 9.<\/p>\n<p>Kooli pidaja korraldab kooli transpordi nii, et \u00f5pilased j\u00f5uavad kooli tundide alguseks. Koolitransport korraldatakse juhul, kui sobivat \u00fchistranspordi liini ei s\u00f5ida. Koolitranspordi graafikud avaldatakse kooli kodulehel esimesel v\u00f5imalusel. Koolimaja on avatud kella 7.30 ning alates kella 8 on avatud pikap\u00e4evaklass \u00f5petajaga.<\/p>\n<p>Selleks, et v\u00f5imalikele murekohtadele lahendusi leida, avasime Stuudiumis juunikuus k\u00fcsitluse, millele vastas 24 lapsevanemat. Kui on veel m\u00f5ni lapsevanem, kes soovis juunis k\u00fcsitlusele vastata, kuid mingil p\u00f5hjusel seda ei teinud, siis uus v\u00f5imalus on n\u00fc\u00fcd. <strong>Vasta k\u00fcsitlusele hiljemalt 21. augustiks<\/strong><a href=\"https:\/\/forms.office.com\/e\/ZsJXtcYdhE\" target=\"_blank\" rel=\"noopener\"><strong> siin.<\/strong><\/a><\/p>\n<p>Lisalugemine: <br \/><a href=\"https:\/\/novaator.err.ee\/1609368644\/kene-vernik-eesti-lasteaedade-ja-koolide-paevakavad-peavad-muutuma\" target=\"_blank\" rel=\"noopener\">Kene Vernik: Eesti lasteaedade ja koolide p\u00e4evakavad peavad muutuma<\/a><\/p>\n<p><a href=\"https:\/\/opleht.ee\/2015\/10\/ookullid-ja-lookesed-ehk-miks-on-vaja-muuta-koolitundide-alguse-aega\/\" target=\"_blank\" rel=\"noopener\">\u00d6\u00f6kullid ja l\u00f5okesed ehk Miks on vaja muuta koolitundide alguse aega<\/a><\/p>\n<p>Kuula podcasti:<br \/><a href=\"https:\/\/esmaabi.peaasi.ee\/podcastid\/\" target=\"_blank\" rel=\"noopener\">Osa #33 Vaimse tervise vitamiinid: uni ja puhkamine koos haridus- ja teadusministriga<\/a><\/p>\n<p>Tervitades<br \/>Siiri S\u00f5mer<br \/>Direktor<\/p>\n<p>\u00a0<\/p>\n","protected":false},"excerpt":{"rendered":"<p>Meie kooli \u00fcks p\u00f5hiv\u00e4\u00e4rtusi on \u00f5ppijakesksus. See t\u00e4hendab \u00f5ppimiseks soodsate tingimuste loomist, olgu need siis t\u00f5husate \u00f5pistrateegiate kasutamine, sobiva vaimse ja f\u00fc\u00fcsilise keskkonna loomine v\u00f5i veel midagi, mille j\u00e4rele n\u00e4eme vajadust. Toetume muudatuste sisseviimisel teadus- ja t\u00f5endusp\u00f5hisusele. \u00dcks viis, mida teadlased soovitavad, on hilisem koolip\u00e4eva algus, kuna suure osa teismeliste sisemine uner\u00fctm nihkub hilisemaks, kui &hellip; <\/p>\n<p><a class=\"more-link btn\" href=\"https:\/\/www.palamuse.edu.ee\/web3\/hea-lapsevanem\/\">J\u00e4tka lugemist<\/a><\/p>\n","protected":false},"author":4,"featured_media":0,"parent":0,"menu_order":0,"comment_status":"closed","ping_status":"closed","template":"","meta":[],"_links":{"self":[{"href":"https:\/\/www.palamuse.edu.ee\/web3\/wp-json\/wp\/v2\/pages\/6871"}],"collection":[{"href":"https:\/\/www.palamuse.edu.ee\/web3\/wp-json\/wp\/v2\/pages"}],"about":[{"href":"https:\/\/www.palamuse.edu.ee\/web3\/wp-json\/wp\/v2\/types\/page"}],"author":[{"embeddable":true,"href":"https:\/\/www.palamuse.edu.ee\/web3\/wp-json\/wp\/v2\/users\/4"}],"replies":[{"embeddable":true,"href":"https:\/\/www.palamuse.edu.ee\/web3\/wp-json\/wp\/v2\/comments?post=6871"}],"version-history":[{"count":4,"href":"https:\/\/www.palamuse.edu.ee\/web3\/wp-json\/wp\/v2\/pages\/6871\/revisions"}],"predecessor-version":[{"id":6916,"href":"https:\/\/www.palamuse.edu.ee\/web3\/wp-json\/wp\/v2\/pages\/6871\/revisions\/6916"}],"wp:attachment":[{"href":"https:\/\/www.palamuse.edu.ee\/web3\/wp-json\/wp\/v2\/media?parent=6871"}],"curies":[{"name":"wp","href":"https:\/\/api.w.org\/{rel}","templated":true}]}}