{"id":6667,"date":"2024-01-24T11:40:21","date_gmt":"2024-01-24T09:40:21","guid":{"rendered":"https:\/\/www.palamuse.edu.ee\/web3\/?page_id=6667"},"modified":"2024-01-24T11:41:54","modified_gmt":"2024-01-24T09:41:54","slug":"oppekava-uuendamine","status":"publish","type":"page","link":"https:\/\/www.palamuse.edu.ee\/web3\/oppekava-uuendamine\/","title":{"rendered":"V\u00f5imalus osaleda kooli \u00f5ppekava uuendamises"},"content":{"rendered":"\n<p><br \/>Oleme OLPP-s uuendamas kooli \u00f5ppekava. Selleks, et see saaks v\u00f5imalikult hea, \u00f5ppimist toetav ja meie koolile iseloomulik, kutsume k\u00f5iki lapsevanemaid ja kogukonna huvitatud liikmeid \u00fchisarutelule 31.jaanuaril 2024, algusega kell 17.30. Registreeruda saab siin: https:\/\/forms.office.com\/e\/Xt1wBdX2rp<\/p>\n<p>Palun osaleda soovijatel m\u00f5elda, missugune on Palamuse kooli n\u00e4gu, millega me praegu eristume ja v\u00f5iksime ka edaspidi silma paista. Oodatud on k\u00f5ik m\u00f5tted, mida ja kuidas me v\u00f5iksime koolis teha, et hoida kooli head mainet ja k\u00f5rget taset.<\/p>\n<p>L\u00e4hemalt saab \u00f5ppekava uuendamise kohta lugeda siit: HARNO \u00f5ppekava infoportaal: https:\/\/oppekava.ee\/oppekavade-ajakohastamine<br \/>Suunavad k\u00fcsimused, millele \u00f5ppekava uuendamisel tuleks m\u00f5elda: https:\/\/projektid.edu.ee\/pages\/viewpage.action?pageId=195792005<br \/>Haridusvaldkonna arengukava 2021 \u2013 2035: https:\/\/www.hm.ee\/media\/1488\/download<\/p>\n<p>\u00a0<\/p>\n<p>Siiri S\u00f5mer<br \/>direktor<\/p>\n","protected":false},"excerpt":{"rendered":"<p>Oleme OLPP-s uuendamas kooli \u00f5ppekava. Selleks, et see saaks v\u00f5imalikult hea, \u00f5ppimist toetav ja meie koolile iseloomulik, kutsume k\u00f5iki lapsevanemaid ja kogukonna huvitatud liikmeid \u00fchisarutelule 31.jaanuaril 2024, algusega kell 17.30. Registreeruda saab siin: https:\/\/forms.office.com\/e\/Xt1wBdX2rp Palun osaleda soovijatel m\u00f5elda, missugune on Palamuse kooli n\u00e4gu, millega me praegu eristume ja v\u00f5iksime ka edaspidi silma paista. Oodatud on &hellip; <\/p>\n<p><a class=\"more-link btn\" href=\"https:\/\/www.palamuse.edu.ee\/web3\/oppekava-uuendamine\/\">J\u00e4tka lugemist<\/a><\/p>\n","protected":false},"author":4,"featured_media":0,"parent":0,"menu_order":0,"comment_status":"closed","ping_status":"closed","template":"","meta":[],"_links":{"self":[{"href":"https:\/\/www.palamuse.edu.ee\/web3\/wp-json\/wp\/v2\/pages\/6667"}],"collection":[{"href":"https:\/\/www.palamuse.edu.ee\/web3\/wp-json\/wp\/v2\/pages"}],"about":[{"href":"https:\/\/www.palamuse.edu.ee\/web3\/wp-json\/wp\/v2\/types\/page"}],"author":[{"embeddable":true,"href":"https:\/\/www.palamuse.edu.ee\/web3\/wp-json\/wp\/v2\/users\/4"}],"replies":[{"embeddable":true,"href":"https:\/\/www.palamuse.edu.ee\/web3\/wp-json\/wp\/v2\/comments?post=6667"}],"version-history":[{"count":1,"href":"https:\/\/www.palamuse.edu.ee\/web3\/wp-json\/wp\/v2\/pages\/6667\/revisions"}],"predecessor-version":[{"id":6668,"href":"https:\/\/www.palamuse.edu.ee\/web3\/wp-json\/wp\/v2\/pages\/6667\/revisions\/6668"}],"wp:attachment":[{"href":"https:\/\/www.palamuse.edu.ee\/web3\/wp-json\/wp\/v2\/media?parent=6667"}],"curies":[{"name":"wp","href":"https:\/\/api.w.org\/{rel}","templated":true}]}}