{"id":6453,"date":"2023-09-22T10:58:17","date_gmt":"2023-09-22T07:58:17","guid":{"rendered":"https:\/\/www.palamuse.edu.ee\/web3\/?page_id=6453"},"modified":"2023-09-22T10:58:18","modified_gmt":"2023-09-22T07:58:18","slug":"oskar-lutsu-palamuse-gumnaasiumi-loodusringi-opilaste-laager","status":"publish","type":"page","link":"https:\/\/www.palamuse.edu.ee\/web3\/oskar-lutsu-palamuse-gumnaasiumi-loodusringi-opilaste-laager\/","title":{"rendered":"Oskar Lutsu Palamuse G\u00fcmnaasiumi loodusringi \u00f5pilaste laager"},"content":{"rendered":"\n<p><strong>Meede:<\/strong> RE.4.4 Keskkonnateadlikkus<\/p>\n<p><strong>Taotlusvoor:<\/strong> Keskkonnaprogrammi keskkonnateadlikkuse huviringide looduslaagrite korraldamine 2023 &#8211; 03.04.2023-05.05.2023<\/p>\n<p><strong>Valdkond, millesse projekt panustab<\/strong>: RE.4.4.2 Praktikumilaagri korraldamine<\/p>\n<p><strong>Projekti nimi:<\/strong> Oskar Lutsu Palamuse G\u00fcmnaasiumi loodusringi \u00f5pilaste laager<\/p>\n<p><strong>Projekti l\u00fchikokkuv\u00f5te: <\/strong>OLPGs toimub kord n\u00e4dalas 1.-2. kl loodusring. Loodusringis uurime l\u00e4hemalt looduses toimuvaid protsesse ja n\u00e4htuseid ning arutleme inimese rolli \u00fcle looduses. Projekt on vajalik asulasisesele looduskeskkonnale lisandv\u00e4\u00e4rtuse pakkumiseks. Eesm\u00e4rgiks on s\u00fcveneda looduses toimuvatesse protsessidesse ja n\u00e4htustesse metsas ning m\u00f5testada, milline on inimese loodus\u00f5bralik k\u00e4itumine. Tegevustena osaleme \u00fchel p\u00e4eval \u00f5ppeprogrammis &#8220;Jalaj\u00e4lge j\u00e4tmata&#8221; ning teisel kinnistame saadud teadmisi metsas.<\/p>\n<p><img loading=\"lazy\" class=\"alignnone  wp-image-6450\" src=\"https:\/\/www.palamuse.edu.ee\/web3\/wp-content\/uploads\/kik-logo.png\" alt=\"\" width=\"173\" height=\"203\" \/><\/p>\n<p>\u00a0<\/p>\n","protected":false},"excerpt":{"rendered":"<p>Meede: RE.4.4 Keskkonnateadlikkus Taotlusvoor: Keskkonnaprogrammi keskkonnateadlikkuse huviringide looduslaagrite korraldamine 2023 &#8211; 03.04.2023-05.05.2023 Valdkond, millesse projekt panustab: RE.4.4.2 Praktikumilaagri korraldamine Projekti nimi: Oskar Lutsu Palamuse G\u00fcmnaasiumi loodusringi \u00f5pilaste laager Projekti l\u00fchikokkuv\u00f5te: OLPGs toimub kord n\u00e4dalas 1.-2. kl loodusring. Loodusringis uurime l\u00e4hemalt looduses toimuvaid protsesse ja n\u00e4htuseid ning arutleme inimese rolli \u00fcle looduses. Projekt on vajalik asulasisesele &hellip; <\/p>\n<p><a class=\"more-link btn\" href=\"https:\/\/www.palamuse.edu.ee\/web3\/oskar-lutsu-palamuse-gumnaasiumi-loodusringi-opilaste-laager\/\">J\u00e4tka lugemist<\/a><\/p>\n","protected":false},"author":8,"featured_media":0,"parent":0,"menu_order":0,"comment_status":"closed","ping_status":"closed","template":"","meta":[],"_links":{"self":[{"href":"https:\/\/www.palamuse.edu.ee\/web3\/wp-json\/wp\/v2\/pages\/6453"}],"collection":[{"href":"https:\/\/www.palamuse.edu.ee\/web3\/wp-json\/wp\/v2\/pages"}],"about":[{"href":"https:\/\/www.palamuse.edu.ee\/web3\/wp-json\/wp\/v2\/types\/page"}],"author":[{"embeddable":true,"href":"https:\/\/www.palamuse.edu.ee\/web3\/wp-json\/wp\/v2\/users\/8"}],"replies":[{"embeddable":true,"href":"https:\/\/www.palamuse.edu.ee\/web3\/wp-json\/wp\/v2\/comments?post=6453"}],"version-history":[{"count":1,"href":"https:\/\/www.palamuse.edu.ee\/web3\/wp-json\/wp\/v2\/pages\/6453\/revisions"}],"predecessor-version":[{"id":6454,"href":"https:\/\/www.palamuse.edu.ee\/web3\/wp-json\/wp\/v2\/pages\/6453\/revisions\/6454"}],"wp:attachment":[{"href":"https:\/\/www.palamuse.edu.ee\/web3\/wp-json\/wp\/v2\/media?parent=6453"}],"curies":[{"name":"wp","href":"https:\/\/api.w.org\/{rel}","templated":true}]}}