{"id":6041,"date":"2023-03-16T10:46:55","date_gmt":"2023-03-16T08:46:55","guid":{"rendered":"https:\/\/www.palamuse.edu.ee\/web3\/?page_id=6041"},"modified":"2023-03-16T10:46:55","modified_gmt":"2023-03-16T08:46:55","slug":"logokonkurss","status":"publish","type":"page","link":"https:\/\/www.palamuse.edu.ee\/web3\/logokonkurss\/","title":{"rendered":"logokonkurss"},"content":{"rendered":"\n<p>Hea \u00f5pilane, lapsevanem, \u00f5petaja ja huviline!<br \/><br \/>Oskar Lutsu Palamuse G\u00fcmnaasiumist saab peagi Oskar Lutsu Palamuse P\u00f5hikool.<br \/>Sellega seoses otsime Oskar Lutsu Palamuse P\u00f5hikoolile logo!<br \/><br \/>Joonista logo arvutis v\u00f5i paberil, \u00fcksi v\u00f5i kaaslastega! Ka pildistamine sobib!<br \/><br \/>Saada oma t\u00f6\u00f6 kavand enne 30. aprilli 2023 e-kirja teel: kool@palamuse.edu.ee v\u00f5i too paberil kooli kantseleisse!<br \/><br \/>N\u00f5uded logole:<br \/>* Logo v\u00e4ljendab kooli v\u00e4\u00e4rtuseid, missiooni ja visiooni.<br \/>* Logo saab kasutada stiilielemendina kooli lipul, visiitkaartidel, ametlikes dokumentides, pitsatil v\u00f5i tikituna r\u00f5ivastele.<br \/>* Logo saab kasutada \u00fche- v\u00f5i mitmev\u00e4rvilisena.<br \/>* Paberkandjal t\u00f6\u00f6 tuleb esitada v\u00e4hemalt A4-formaadis.<br \/>* Digitaalselt esitatud t\u00f6\u00f6 tuleb saata pildifailina.<br \/><br \/>Palun lisa kavandi juurde l\u00fchike selgitus, miks just selline logo Oskar Lutsu Palamuse P\u00f5hikoolile sobib!<br \/><br \/>Kirjuta t\u00f6\u00f6 juurde m\u00e4rks\u00f5na &#8220;logokonkurss&#8221; ja enda kontaktandmed (nimi, e-post, telefon)!<br \/><br \/>Konkursi v\u00f5itjale auhind!<br \/><br \/>Julget ja loovat osav\u00f5ttu!<\/p>\n\n\n","protected":false},"excerpt":{"rendered":"<p>Hea \u00f5pilane, lapsevanem, \u00f5petaja ja huviline! Oskar Lutsu Palamuse G\u00fcmnaasiumist saab peagi Oskar Lutsu Palamuse P\u00f5hikool.Sellega seoses otsime Oskar Lutsu Palamuse P\u00f5hikoolile logo! Joonista logo arvutis v\u00f5i paberil, \u00fcksi v\u00f5i kaaslastega! Ka pildistamine sobib! Saada oma t\u00f6\u00f6 kavand enne 30. aprilli 2023 e-kirja teel: kool@palamuse.edu.ee v\u00f5i too paberil kooli kantseleisse! N\u00f5uded logole:* Logo v\u00e4ljendab kooli &hellip; <\/p>\n<p><a class=\"more-link btn\" href=\"https:\/\/www.palamuse.edu.ee\/web3\/logokonkurss\/\">J\u00e4tka lugemist<\/a><\/p>\n","protected":false},"author":4,"featured_media":0,"parent":0,"menu_order":0,"comment_status":"closed","ping_status":"closed","template":"","meta":[],"_links":{"self":[{"href":"https:\/\/www.palamuse.edu.ee\/web3\/wp-json\/wp\/v2\/pages\/6041"}],"collection":[{"href":"https:\/\/www.palamuse.edu.ee\/web3\/wp-json\/wp\/v2\/pages"}],"about":[{"href":"https:\/\/www.palamuse.edu.ee\/web3\/wp-json\/wp\/v2\/types\/page"}],"author":[{"embeddable":true,"href":"https:\/\/www.palamuse.edu.ee\/web3\/wp-json\/wp\/v2\/users\/4"}],"replies":[{"embeddable":true,"href":"https:\/\/www.palamuse.edu.ee\/web3\/wp-json\/wp\/v2\/comments?post=6041"}],"version-history":[{"count":1,"href":"https:\/\/www.palamuse.edu.ee\/web3\/wp-json\/wp\/v2\/pages\/6041\/revisions"}],"predecessor-version":[{"id":6042,"href":"https:\/\/www.palamuse.edu.ee\/web3\/wp-json\/wp\/v2\/pages\/6041\/revisions\/6042"}],"wp:attachment":[{"href":"https:\/\/www.palamuse.edu.ee\/web3\/wp-json\/wp\/v2\/media?parent=6041"}],"curies":[{"name":"wp","href":"https:\/\/api.w.org\/{rel}","templated":true}]}}