{"id":598,"date":"2016-03-31T11:14:56","date_gmt":"2016-03-31T08:14:56","guid":{"rendered":"http:\/\/www.palamuse.edu.ee\/web3\/?page_id=598"},"modified":"2020-09-04T10:55:12","modified_gmt":"2020-09-04T07:55:12","slug":"meie-pohivaartused","status":"publish","type":"page","link":"https:\/\/www.palamuse.edu.ee\/web3\/meie-pohivaartused\/","title":{"rendered":"Meie v\u00e4\u00e4rtused"},"content":{"rendered":"<p><strong>\u00d5ppijakesksus<br \/>\n<\/strong><img class=\"\" src=\"https:\/\/www.palamuse.edu.ee\/web3\/wp-content\/uploads\/ico_punkt_punane.jpg\" alt=\"\" \/> m\u00f5istan, et iga\u00fcks on \u00f5ppija;<br \/>\n<img class=\"\" src=\"https:\/\/www.palamuse.edu.ee\/web3\/wp-content\/uploads\/ico_punkt_punane.jpg\" alt=\"\" \/> tean, mida ja miks ma \u00f5pin;<br \/>\n<img class=\"\" src=\"https:\/\/www.palamuse.edu.ee\/web3\/wp-content\/uploads\/ico_punkt_punane.jpg\" alt=\"\" \/> loon \u00f5ppimiseks sobiva keskkonna ja tingimused;<br \/>\n<img class=\"\" src=\"https:\/\/www.palamuse.edu.ee\/web3\/wp-content\/uploads\/ico_punkt_punane.jpg\" alt=\"\" \/> valesti tegemist ja eksimist ei karista, saan aru, et vigade tegemisest, l\u00e4bikukkumistest algab \u00f5ppimine;<br \/>\n<img class=\"\" src=\"https:\/\/www.palamuse.edu.ee\/web3\/wp-content\/uploads\/ico_punkt_punane.jpg\" alt=\"\" \/> julgen proovida ja julgen l\u00e4bi kukkuda, et siis uuesti proovida.<\/p>\n<p><strong>Koost\u00f6\u00f6<\/strong><br \/>\n<img class=\"\" src=\"https:\/\/www.palamuse.edu.ee\/web3\/wp-content\/uploads\/ico_punkt_punane.jpg\" alt=\"\" \/> otsin ise v\u00f5imalusi koost\u00f6\u00f6ks;<br \/>\n<img class=\"\" src=\"https:\/\/www.palamuse.edu.ee\/web3\/wp-content\/uploads\/ico_punkt_punane.jpg\" alt=\"\" \/> loon ise ja hoian h\u00e4id suhteid k\u00f5igi inimestega;<br \/>\n<img class=\"\" src=\"https:\/\/www.palamuse.edu.ee\/web3\/wp-content\/uploads\/ico_punkt_punane.jpg\" alt=\"\" \/> m\u00f5tlen kaasa, teen kaasa;<br \/>\n<img class=\"\" src=\"https:\/\/www.palamuse.edu.ee\/web3\/wp-content\/uploads\/ico_punkt_punane.jpg\" alt=\"\" \/> vastuolud lahendan asjaosalistega, konflikte seltskonda ei vii;<br \/>\n<img class=\"\" src=\"https:\/\/www.palamuse.edu.ee\/web3\/wp-content\/uploads\/ico_punkt_punane.jpg\" alt=\"\" \/> pean kokkulepetest kinni ja vajadusel aitan teistel kokkulepetest kinni pidada;<br \/>\n<img class=\"\" src=\"https:\/\/www.palamuse.edu.ee\/web3\/wp-content\/uploads\/ico_punkt_punane.jpg\" alt=\"\" \/> saan aru, et minu hoiak, k\u00e4itumine on minu vastutus ja valik ning ei s\u00f5ltu sellest, mida teised teevad.<\/p>\n<p><strong>Eeskuju<\/strong><br \/>\n<img class=\"\" src=\"https:\/\/www.palamuse.edu.ee\/web3\/wp-content\/uploads\/ico_punkt_punane.jpg\" alt=\"\" \/> n\u00e4itan oma k\u00e4itumise ja olekuga ette, kuidas minuga v\u00f5iks k\u00e4ituda;<br \/>\n<img class=\"\" src=\"https:\/\/www.palamuse.edu.ee\/web3\/wp-content\/uploads\/ico_punkt_punane.jpg\" alt=\"\" \/> m\u00e4rkan ja aitan, kui keegi on h\u00e4das;<br \/>\n<img class=\"\" src=\"https:\/\/www.palamuse.edu.ee\/web3\/wp-content\/uploads\/ico_punkt_punane.jpg\" alt=\"\" \/> olen JAH-inimene &#8211; valin positiivse hoiaku inimeste, \u00fcmbruse, keskkonna suhtes;<br \/>\n<img class=\"\" src=\"https:\/\/www.palamuse.edu.ee\/web3\/wp-content\/uploads\/ico_punkt_punane.jpg\" alt=\"\" \/> olen eeskuju nii koolis kui ka v\u00e4ljasool kooli.<\/p>\n<p><strong>Avatus<\/strong><br \/>\n<img class=\"\" src=\"https:\/\/www.palamuse.edu.ee\/web3\/wp-content\/uploads\/ico_punkt_punane.jpg\" alt=\"\" \/> kuulan ja m\u00f5tlen kaasa, soovin m\u00f5ista, koguda suheldes teavet;<br \/>\n<img class=\"\" src=\"https:\/\/www.palamuse.edu.ee\/web3\/wp-content\/uploads\/ico_punkt_punane.jpg\" alt=\"\" \/> tahan-suudan-teen: olen valmis ja osalen muutustes, olen suunamudija;<br \/>\n<img class=\"\" src=\"https:\/\/www.palamuse.edu.ee\/web3\/wp-content\/uploads\/ico_punkt_punane.jpg\" alt=\"\" \/> \u00fctlen v\u00e4lja oma arvamuse ja aktsepteerin erinevaid arvamusi;<br \/>\n<img class=\"\" src=\"https:\/\/www.palamuse.edu.ee\/web3\/wp-content\/uploads\/ico_punkt_punane.jpg\" alt=\"\" \/> olen orienteeritud lahendustele, mitte takistustele;<br \/>\n<img class=\"\" src=\"https:\/\/www.palamuse.edu.ee\/web3\/wp-content\/uploads\/ico_punkt_punane.jpg\" alt=\"\" \/> loon ise ja naudin teiste loomingut.<\/p>\n<p style=\"padding-left: 30px;\">\/<em> Kooli arengukava 2020 &#8211; 2030<\/em> \/<\/p>\n","protected":false},"excerpt":{"rendered":"<p>\u00d5ppijakesksus m\u00f5istan, et iga\u00fcks on \u00f5ppija; tean, mida ja miks ma \u00f5pin; loon \u00f5ppimiseks sobiva keskkonna ja tingimused; valesti tegemist ja eksimist ei karista, saan aru, et vigade tegemisest, l\u00e4bikukkumistest algab \u00f5ppimine; julgen proovida ja julgen l\u00e4bi kukkuda, et siis uuesti proovida. Koost\u00f6\u00f6 otsin ise v\u00f5imalusi koost\u00f6\u00f6ks; loon ise ja hoian h\u00e4id suhteid k\u00f5igi inimestega; &hellip; <\/p>\n<p><a class=\"more-link btn\" href=\"https:\/\/www.palamuse.edu.ee\/web3\/meie-pohivaartused\/\">J\u00e4tka lugemist<\/a><\/p>\n","protected":false},"author":2,"featured_media":0,"parent":0,"menu_order":0,"comment_status":"closed","ping_status":"closed","template":"","meta":[],"_links":{"self":[{"href":"https:\/\/www.palamuse.edu.ee\/web3\/wp-json\/wp\/v2\/pages\/598"}],"collection":[{"href":"https:\/\/www.palamuse.edu.ee\/web3\/wp-json\/wp\/v2\/pages"}],"about":[{"href":"https:\/\/www.palamuse.edu.ee\/web3\/wp-json\/wp\/v2\/types\/page"}],"author":[{"embeddable":true,"href":"https:\/\/www.palamuse.edu.ee\/web3\/wp-json\/wp\/v2\/users\/2"}],"replies":[{"embeddable":true,"href":"https:\/\/www.palamuse.edu.ee\/web3\/wp-json\/wp\/v2\/comments?post=598"}],"version-history":[{"count":5,"href":"https:\/\/www.palamuse.edu.ee\/web3\/wp-json\/wp\/v2\/pages\/598\/revisions"}],"predecessor-version":[{"id":4039,"href":"https:\/\/www.palamuse.edu.ee\/web3\/wp-json\/wp\/v2\/pages\/598\/revisions\/4039"}],"wp:attachment":[{"href":"https:\/\/www.palamuse.edu.ee\/web3\/wp-json\/wp\/v2\/media?parent=598"}],"curies":[{"name":"wp","href":"https:\/\/api.w.org\/{rel}","templated":true}]}}