{"id":5035,"date":"2021-10-21T09:32:31","date_gmt":"2021-10-21T06:32:31","guid":{"rendered":"https:\/\/www.palamuse.edu.ee\/web3\/?page_id=5035"},"modified":"2021-10-21T09:32:33","modified_gmt":"2021-10-21T06:32:33","slug":"koduoppe-seadusandlus","status":"publish","type":"page","link":"https:\/\/www.palamuse.edu.ee\/web3\/koduoppe-seadusandlus\/","title":{"rendered":"Kodu\u00f5ppe seadusandlus"},"content":{"rendered":"\n<p><a href=\"https:\/\/www.riigiteataja.ee\/akt\/116042021006\">P\u00f5hikooli- ja g\u00fcmnaasiumiseadus<\/a>\u00a0s\u00e4testab:<\/p>\n<p><strong>\u00a7 23. Kodu\u00f5pe ja haigla\u00f5pe<\/strong><\/p>\n<p>(1) Kodu\u00f5ppena m\u00f5istetakse v\u00e4ljaspool kooliruume korraldatavat \u00f5pet. Kodu\u00f5pet rakendatakse:<\/p>\n<p>\u00a0 \u00a0 \u00a0 \u00a0 1) kui \u00f5pilase terviseseisund ei v\u00f5imalda tal kooli p\u00e4evakavas etten\u00e4htud \u00f5ppes osaleda v\u00f5i<\/p>\n<p>\u00a0 \u00a0 \u00a0 \u00a0 2) kui vanem soovib p\u00f5hiharidust omandava \u00f5pilase \u00f5ppet\u00f6\u00f6d iseseisvalt korraldada.<\/p>\n<p>(2) Kodu- ja haigla\u00f5ppe tingimused ning korra kehtestab valdkonna eest vastutav minister m\u00e4\u00e4rusega.<\/p>\n<p>(3) Terviseseisundist tulenevat kodu\u00f5pet korraldab kool vanema taotlusel ja kooliv\u00e4lise n\u00f5ustamismeeskonna soovitusel.<\/p>\n<p>(4) Kodu\u00f5pet vanema soovil korraldab ja rahastab vanem.<\/p>\n<p>(5) Haigla\u00f5ppena m\u00f5istetakse haiglaravil viibiva p\u00f5hi- v\u00f5i \u00fcldkeskharidust omandava \u00f5pilase \u00f5pet.<\/p>\n<hr \/>\n<p>Kodu\u00f5ppe seadusandlikest alustest on v\u00f5imalik lugeda m\u00e4\u00e4rusest \u201c<a href=\"https:\/\/www.riigiteataja.ee\/akt\/106032018001\">Kodu\u00f5ppe ja haigla\u00f5ppe tingimused ja kord<\/a>\u201d.<\/p>\n","protected":false},"excerpt":{"rendered":"<p>P\u00f5hikooli- ja g\u00fcmnaasiumiseadus\u00a0s\u00e4testab: \u00a7 23. Kodu\u00f5pe ja haigla\u00f5pe (1) Kodu\u00f5ppena m\u00f5istetakse v\u00e4ljaspool kooliruume korraldatavat \u00f5pet. Kodu\u00f5pet rakendatakse: \u00a0 \u00a0 \u00a0 \u00a0 1) kui \u00f5pilase terviseseisund ei v\u00f5imalda tal kooli p\u00e4evakavas etten\u00e4htud \u00f5ppes osaleda v\u00f5i \u00a0 \u00a0 \u00a0 \u00a0 2) kui vanem soovib p\u00f5hiharidust omandava \u00f5pilase \u00f5ppet\u00f6\u00f6d iseseisvalt korraldada. (2) Kodu- ja haigla\u00f5ppe tingimused ning korra &hellip; <\/p>\n<p><a class=\"more-link btn\" href=\"https:\/\/www.palamuse.edu.ee\/web3\/koduoppe-seadusandlus\/\">J\u00e4tka lugemist<\/a><\/p>\n","protected":false},"author":2,"featured_media":0,"parent":0,"menu_order":0,"comment_status":"closed","ping_status":"closed","template":"","meta":[],"_links":{"self":[{"href":"https:\/\/www.palamuse.edu.ee\/web3\/wp-json\/wp\/v2\/pages\/5035"}],"collection":[{"href":"https:\/\/www.palamuse.edu.ee\/web3\/wp-json\/wp\/v2\/pages"}],"about":[{"href":"https:\/\/www.palamuse.edu.ee\/web3\/wp-json\/wp\/v2\/types\/page"}],"author":[{"embeddable":true,"href":"https:\/\/www.palamuse.edu.ee\/web3\/wp-json\/wp\/v2\/users\/2"}],"replies":[{"embeddable":true,"href":"https:\/\/www.palamuse.edu.ee\/web3\/wp-json\/wp\/v2\/comments?post=5035"}],"version-history":[{"count":5,"href":"https:\/\/www.palamuse.edu.ee\/web3\/wp-json\/wp\/v2\/pages\/5035\/revisions"}],"predecessor-version":[{"id":5040,"href":"https:\/\/www.palamuse.edu.ee\/web3\/wp-json\/wp\/v2\/pages\/5035\/revisions\/5040"}],"wp:attachment":[{"href":"https:\/\/www.palamuse.edu.ee\/web3\/wp-json\/wp\/v2\/media?parent=5035"}],"curies":[{"name":"wp","href":"https:\/\/api.w.org\/{rel}","templated":true}]}}