{"id":3752,"date":"2020-04-06T15:52:33","date_gmt":"2020-04-06T12:52:33","guid":{"rendered":"http:\/\/www.palamuse.edu.ee\/web3\/?page_id=3752"},"modified":"2024-09-02T13:03:37","modified_gmt":"2024-09-02T10:03:37","slug":"oppekorraldus","status":"publish","type":"page","link":"https:\/\/www.palamuse.edu.ee\/web3\/oppekorraldus\/","title":{"rendered":"\u00d5ppekorraldus"},"content":{"rendered":"\n<p>* \u00d5pilased \u00f5pivad kodus iseseisvalt, \u00f5petajate\u00a0 toel.<br \/>* Igap\u00e4evane \u00f5ppet\u00f6\u00f6 aeg on planeeritud ajavahemikku 9.00 &#8211; 16.00.<br \/>* Igal hommikul hiljemalt kella 9.00 lisatakse Stuudiumisse antud p\u00e4eva tundide \u00fclesanded. Juures on kollane tunnit\u00f6\u00f6 m\u00e4rge.<br \/>* Online tunni paneb \u00f5petaja MS Teamsi kalendrisse hiljemalt eelmisel \u00f5ppep\u00e4eval kell 16.00.<br \/>* Lapsevanem veendub, et \u00f5pilasel on olemas tehnilised vahendid (internet, arvuti\/nutitelefon\/tahvelarvuti, mikrofon, k\u00f5larid\/k\u00f5rvaklapid) veebitunnis osalemiseks. Vajadusel palub koolilt abi.<br \/>* Valmis p\u00e4evat\u00f6\u00f6 tuleb esitada vastavalt \u00fclesande juhistele hiljemalt kell 16.00. Esitamata t\u00f6\u00f6d m\u00e4rgistab \u00f5petaja m\u00e4rkega &#8220;T&#8221;, mille \u00f5petaja eemaldab t\u00f6\u00f6 k\u00e4ttesaamisel.<br \/>* Kui t\u00f6\u00f6 vajab t\u00e4iendamist, m\u00e4rgistab \u00f5petaja selle h\u00fc\u00fcum\u00e4rgiga ja lisab selgituse.<br \/>* \u00d5petajad on valmis abistama ja n\u00f5ustama \u00fcldjuhul kell 9.00 &#8211; 16.00.<br \/>* \u00d5ppet\u00f6\u00f6 toimub kehtiva tunniplaani alusel. P\u00e4eva \u00fclesanded pannakse \u00fcles ainult neis ainetes, mis on sellel p\u00e4eval tunniplaanis.<br \/>* Suhtlemine ja n\u00f5ustamine toimub Stuudiumis reeglina antud p\u00e4eviku jututoas. Vajadusel saab \u00f5petajaga kontakteeruda ka Suhtluse kaudu.<br \/>* Kui \u00f5petaja ei vasta k\u00fcsimusele koheselt ja \u00f5pilane ei oska edasi teha, siis tuleb v\u00f5tta tegemisele j\u00e4rgmine \u00fclesanne. \u00d5petaja vastab esimesel v\u00f5imalusel.<br \/>* \u00d5pilase haigestumisest teavitab lapsevanem klassijuhatajat hiljemalt kella 9.00.<br \/><br \/>\u00dcldiste probleemide ja k\u00fcsimuste korral (tehnilised vahendid, korralduslikud k\u00fcsimused) palun v\u00f5tke \u00fchendust klassijuhataja v\u00f5i juhtkonnaga. Ainealaste teemade puhul aitab aine\u00f5petaja, sh t\u00f6\u00f6de esitamise t\u00e4htaja ning viisi osas.\u00a0<\/p>\n<p>Tagasiside on v\u00e4ga oodatud. Tagasisidet saad anda <span style=\"color: #800000;\"><strong><a style=\"color: #800000;\" href=\"https:\/\/forms.office.com\/Pages\/ResponsePage.aspx?id=7gu2O98yE0iKc0bAXVSmuqAUU4WOcwpBsaXCRUql1KtUMUdKNUVUWUhLMlZCSEhaTkZXTU4zVVRMRy4u\">SIIN<\/a><\/strong><\/span>.<\/p>\n<p>Samuti palume end kursis hoida Terviseameti, Haridus- ja Teadusministeeriumi ja Vabariigi Valitsuse juhistega:<br \/><a href=\"https:\/\/www.terviseamet.ee\/et\/uuskoroonaviirus\">https:\/\/www.terviseamet.ee\/et\/uuskoroonaviirus<\/a><br \/><a href=\"https:\/\/www.hm.ee\/et\">https:\/\/www.hm.ee\/et<\/a><br \/><a href=\"https:\/\/www.err.ee\/\">https:\/\/www.err.ee<\/a><\/p>\n<p>J\u00e4\u00e4gem terveks!<br \/>OLPP juhtkond ja \u00f5petajad<\/p>\n\n\n","protected":false},"excerpt":{"rendered":"<p>* \u00d5pilased \u00f5pivad kodus iseseisvalt, \u00f5petajate\u00a0 toel.* Igap\u00e4evane \u00f5ppet\u00f6\u00f6 aeg on planeeritud ajavahemikku 9.00 &#8211; 16.00.* Igal hommikul hiljemalt kella 9.00 lisatakse Stuudiumisse antud p\u00e4eva tundide \u00fclesanded. Juures on kollane tunnit\u00f6\u00f6 m\u00e4rge.* Online tunni paneb \u00f5petaja MS Teamsi kalendrisse hiljemalt eelmisel \u00f5ppep\u00e4eval kell 16.00.* Lapsevanem veendub, et \u00f5pilasel on olemas tehnilised vahendid (internet, arvuti\/nutitelefon\/tahvelarvuti, mikrofon, &hellip; <\/p>\n<p><a class=\"more-link btn\" href=\"https:\/\/www.palamuse.edu.ee\/web3\/oppekorraldus\/\">J\u00e4tka lugemist<\/a><\/p>\n","protected":false},"author":2,"featured_media":0,"parent":0,"menu_order":0,"comment_status":"closed","ping_status":"closed","template":"","meta":[],"_links":{"self":[{"href":"https:\/\/www.palamuse.edu.ee\/web3\/wp-json\/wp\/v2\/pages\/3752"}],"collection":[{"href":"https:\/\/www.palamuse.edu.ee\/web3\/wp-json\/wp\/v2\/pages"}],"about":[{"href":"https:\/\/www.palamuse.edu.ee\/web3\/wp-json\/wp\/v2\/types\/page"}],"author":[{"embeddable":true,"href":"https:\/\/www.palamuse.edu.ee\/web3\/wp-json\/wp\/v2\/users\/2"}],"replies":[{"embeddable":true,"href":"https:\/\/www.palamuse.edu.ee\/web3\/wp-json\/wp\/v2\/comments?post=3752"}],"version-history":[{"count":5,"href":"https:\/\/www.palamuse.edu.ee\/web3\/wp-json\/wp\/v2\/pages\/3752\/revisions"}],"predecessor-version":[{"id":6987,"href":"https:\/\/www.palamuse.edu.ee\/web3\/wp-json\/wp\/v2\/pages\/3752\/revisions\/6987"}],"wp:attachment":[{"href":"https:\/\/www.palamuse.edu.ee\/web3\/wp-json\/wp\/v2\/media?parent=3752"}],"curies":[{"name":"wp","href":"https:\/\/api.w.org\/{rel}","templated":true}]}}