{"id":3749,"date":"2020-04-06T15:18:23","date_gmt":"2020-04-06T12:18:23","guid":{"rendered":"http:\/\/www.palamuse.edu.ee\/web3\/?page_id=3749"},"modified":"2024-09-02T13:04:09","modified_gmt":"2024-09-02T10:04:09","slug":"tagasiside-ettepanekud","status":"publish","type":"page","link":"https:\/\/www.palamuse.edu.ee\/web3\/tagasiside-ettepanekud\/","title":{"rendered":"Tagasiside, ettepanekud"},"content":{"rendered":"\n<p>Palun jaga oma arvamust, kuidas on seni meie koolil distants\u00f5ppes l\u00e4inud.<br \/>Mis on \u00f5nnestunud? Mida v\u00f5iks teha teisiti?<\/p>\n<p>Vastama on oodatud k\u00f5ik OLPP \u00f5pilased, lapsevanemad ning \u00f5petajad.<\/p>\n<p>Oma m\u00f5tteid saab kirja panna\u00a0<strong><a href=\"https:\/\/forms.office.com\/Pages\/ResponsePage.aspx?id=7gu2O98yE0iKc0bAXVSmuqAUU4WOcwpBsaXCRUql1KtUMUdKNUVUWUhLMlZCSEhaTkZXTU4zVVRMRy4u\" target=\"_blank\" rel=\"noopener noreferrer\">siin<\/a>.<\/strong><\/p>\n\n\n","protected":false},"excerpt":{"rendered":"<p>Palun jaga oma arvamust, kuidas on seni meie koolil distants\u00f5ppes l\u00e4inud.Mis on \u00f5nnestunud? Mida v\u00f5iks teha teisiti? Vastama on oodatud k\u00f5ik OLPP \u00f5pilased, lapsevanemad ning \u00f5petajad. Oma m\u00f5tteid saab kirja panna\u00a0siin.<\/p>\n","protected":false},"author":2,"featured_media":0,"parent":0,"menu_order":0,"comment_status":"closed","ping_status":"closed","template":"","meta":[],"_links":{"self":[{"href":"https:\/\/www.palamuse.edu.ee\/web3\/wp-json\/wp\/v2\/pages\/3749"}],"collection":[{"href":"https:\/\/www.palamuse.edu.ee\/web3\/wp-json\/wp\/v2\/pages"}],"about":[{"href":"https:\/\/www.palamuse.edu.ee\/web3\/wp-json\/wp\/v2\/types\/page"}],"author":[{"embeddable":true,"href":"https:\/\/www.palamuse.edu.ee\/web3\/wp-json\/wp\/v2\/users\/2"}],"replies":[{"embeddable":true,"href":"https:\/\/www.palamuse.edu.ee\/web3\/wp-json\/wp\/v2\/comments?post=3749"}],"version-history":[{"count":3,"href":"https:\/\/www.palamuse.edu.ee\/web3\/wp-json\/wp\/v2\/pages\/3749\/revisions"}],"predecessor-version":[{"id":6988,"href":"https:\/\/www.palamuse.edu.ee\/web3\/wp-json\/wp\/v2\/pages\/3749\/revisions\/6988"}],"wp:attachment":[{"href":"https:\/\/www.palamuse.edu.ee\/web3\/wp-json\/wp\/v2\/media?parent=3749"}],"curies":[{"name":"wp","href":"https:\/\/api.w.org\/{rel}","templated":true}]}}