{"id":234,"date":"2016-02-18T10:58:34","date_gmt":"2016-02-18T08:58:34","guid":{"rendered":"http:\/\/www.palamuse.edu.ee\/web3\/?page_id=234"},"modified":"2025-11-21T14:47:00","modified_gmt":"2025-11-21T12:47:00","slug":"huvialaringid","status":"publish","type":"page","link":"https:\/\/www.palamuse.edu.ee\/web3\/huvialaringid\/","title":{"rendered":"Huvialaringid"},"content":{"rendered":"<p>HUVIRINGID 2025\/2026<\/p>\n<p>\u25cf Kokandusring (\u00f5petajad Maila Korkmann ja Evelyn Merusk) \u2013 1. klass R 5. tund, 2. klass N 5. tund, 3. klass R 6. tund<br \/>\n\u25cf TORE ring (\u00f5petajad Maila Korkmann ja Evelyn Merusk) \u2013 5.-6. klass N 8. tund (\u00fcle n\u00e4dala), 7. klass T 8. tund, 8.-9. klass E 8. tund (\u00fcle n\u00e4dala)<br \/>\n\u25cf Neidude ansambel (\u00f5petaja Luule Toome) \u2013 N 8. tund<br \/>\n\u25cf Mudilaskoor 1.-4. klass (\u00f5petaja Luule Toome) \u2013 T ja N 6. tund<br \/>\n\u25cf Jalgpall (\u00f5petaja Kervin Kull) \u2013 1.-5. klass T 7. TUND, 6.-9. KLASS t 8. tund<br \/>\n\u25cf Kolme p\u00f5rsakese teadusring (\u00f5petaja Mariliis Kaasik) \u2013 1. klass E6. tund, 2.-5. klass E 7. tund<br \/>\n\u25cf Rahvatantsur\u00fchm Peap\u00f6\u00f6ritajad (\u00f5petaja Sirje Kiis) \u2013 4.- 5. klass E 6.-7. tund<br \/>\n\u25cf Rahvatantsur\u00fchm Murumardikad (\u00f5petaja Sirje Kiis) \u2013 1. klass K 5.-6. tund<br \/>\n\u25cf Rahvatantsur\u00fchm Sutsakad (\u00f5petaja Kristina \u0160tukert-Nunn) \u2013 7.-8. klass E 7.-8. tund<br \/>\n\u25cf Rahvatantsur\u00fchm Kullaterad (\u00f5petaja Kristina \u0160tukert-Nunn) \u2013 6. klassi t\u00fcdrukud T 7.-8. tund<br \/>\n\u25cf Noorteorganisatsioon 4H (\u00f5petaja Eha Kuld) \u2013 vastavalt kokkuleppele<br \/>\n\u25cfNutisport (\u00f5petajad Eha Kuld ) \u2013 2. klass R 1. tund<br \/>\n\u25cf Puut\u00f6\u00f6 ja meisterdamine (\u00f5petaja Kalle Kolde) \u2013 3. klass E 5. tund<br \/>\n\u25cf V\u00f5rkpall (\u00f5petaja Aarne Neimann) \u2013 K 7. tund<br \/>\n\u25cf Korvpall (\u00f5petaja Fred Juuse) &#8211; E. 8.tund (suuremate r\u00fchm), K 6.tund (v\u00e4iksemate r\u00fchm)<\/p>\n","protected":false},"excerpt":{"rendered":"<p>HUVIRINGID 2025\/2026 \u25cf Kokandusring (\u00f5petajad Maila Korkmann ja Evelyn Merusk) \u2013 1. klass R 5. tund, 2. klass N 5. tund, 3. klass R 6. tund \u25cf TORE ring (\u00f5petajad Maila Korkmann ja Evelyn Merusk) \u2013 5.-6. klass N 8. tund (\u00fcle n\u00e4dala), 7. klass T 8. tund, 8.-9. klass E 8. tund (\u00fcle n\u00e4dala) &hellip; <\/p>\n<p><a class=\"more-link btn\" href=\"https:\/\/www.palamuse.edu.ee\/web3\/huvialaringid\/\">J\u00e4tka lugemist<\/a><\/p>\n","protected":false},"author":2,"featured_media":0,"parent":0,"menu_order":0,"comment_status":"closed","ping_status":"closed","template":"","meta":[],"_links":{"self":[{"href":"https:\/\/www.palamuse.edu.ee\/web3\/wp-json\/wp\/v2\/pages\/234"}],"collection":[{"href":"https:\/\/www.palamuse.edu.ee\/web3\/wp-json\/wp\/v2\/pages"}],"about":[{"href":"https:\/\/www.palamuse.edu.ee\/web3\/wp-json\/wp\/v2\/types\/page"}],"author":[{"embeddable":true,"href":"https:\/\/www.palamuse.edu.ee\/web3\/wp-json\/wp\/v2\/users\/2"}],"replies":[{"embeddable":true,"href":"https:\/\/www.palamuse.edu.ee\/web3\/wp-json\/wp\/v2\/comments?post=234"}],"version-history":[{"count":5,"href":"https:\/\/www.palamuse.edu.ee\/web3\/wp-json\/wp\/v2\/pages\/234\/revisions"}],"predecessor-version":[{"id":8371,"href":"https:\/\/www.palamuse.edu.ee\/web3\/wp-json\/wp\/v2\/pages\/234\/revisions\/8371"}],"wp:attachment":[{"href":"https:\/\/www.palamuse.edu.ee\/web3\/wp-json\/wp\/v2\/media?parent=234"}],"curies":[{"name":"wp","href":"https:\/\/api.w.org\/{rel}","templated":true}]}}