{"id":216,"date":"2016-02-18T10:53:27","date_gmt":"2016-02-18T08:53:27","guid":{"rendered":"http:\/\/www.palamuse.edu.ee\/web3\/?page_id=216"},"modified":"2025-08-27T12:03:23","modified_gmt":"2025-08-27T09:03:23","slug":"koolivaheajad","status":"publish","type":"page","link":"https:\/\/www.palamuse.edu.ee\/web3\/koolivaheajad\/","title":{"rendered":"Koolivaheajad, trimestrid"},"content":{"rendered":"<p><strong>Koolivaheajad 2025\/2026 \u00f5ppeaastal:<br \/>\n<\/strong>S\u00fcgisvaheaeg 20. &#8211; 26. oktoober 2025<br \/>\nJ\u00f5uluvaheaeg 22. dets. 2025 &#8211; 4. jaanuar 2026<br \/>\nTalvevaheaeg 23. veebruar \u2013 1. m\u00e4rts 2026<br \/>\nKevadvaheaeg 13. \u2013 19. aprill 2026<br \/>\nSuvevaheaeg 10. juuni &#8211; 31. august 2026<\/p>\n<p><strong>Trimestrid 2025\/2026 \u00f5ppeaastal:<\/strong><br \/>\nI trimester 1. sept. 2025- 28.nov. 2025<br \/>\nII trimester 1. dets. 2025 \u2013 13. m\u00e4rts 2026<br \/>\nIII trimester 16. m\u00e4rts 2026 \u2013 09. juuni 2026<br \/>\nt\u00e4iendav \u00f5ppet\u00f6\u00f6 10. &#8211; 19. juuni 2026<\/p>\n","protected":false},"excerpt":{"rendered":"<p>Koolivaheajad 2025\/2026 \u00f5ppeaastal: S\u00fcgisvaheaeg 20. &#8211; 26. oktoober 2025 J\u00f5uluvaheaeg 22. dets. 2025 &#8211; 4. jaanuar 2026 Talvevaheaeg 23. veebruar \u2013 1. m\u00e4rts 2026 Kevadvaheaeg 13. \u2013 19. aprill 2026 Suvevaheaeg 10. juuni &#8211; 31. august 2026 Trimestrid 2025\/2026 \u00f5ppeaastal: I trimester 1. sept. 2025- 28.nov. 2025 II trimester 1. dets. 2025 \u2013 13. m\u00e4rts &hellip; <\/p>\n<p><a class=\"more-link btn\" href=\"https:\/\/www.palamuse.edu.ee\/web3\/koolivaheajad\/\">J\u00e4tka lugemist<\/a><\/p>\n","protected":false},"author":2,"featured_media":0,"parent":0,"menu_order":0,"comment_status":"closed","ping_status":"closed","template":"","meta":[],"_links":{"self":[{"href":"https:\/\/www.palamuse.edu.ee\/web3\/wp-json\/wp\/v2\/pages\/216"}],"collection":[{"href":"https:\/\/www.palamuse.edu.ee\/web3\/wp-json\/wp\/v2\/pages"}],"about":[{"href":"https:\/\/www.palamuse.edu.ee\/web3\/wp-json\/wp\/v2\/types\/page"}],"author":[{"embeddable":true,"href":"https:\/\/www.palamuse.edu.ee\/web3\/wp-json\/wp\/v2\/users\/2"}],"replies":[{"embeddable":true,"href":"https:\/\/www.palamuse.edu.ee\/web3\/wp-json\/wp\/v2\/comments?post=216"}],"version-history":[{"count":5,"href":"https:\/\/www.palamuse.edu.ee\/web3\/wp-json\/wp\/v2\/pages\/216\/revisions"}],"predecessor-version":[{"id":8127,"href":"https:\/\/www.palamuse.edu.ee\/web3\/wp-json\/wp\/v2\/pages\/216\/revisions\/8127"}],"wp:attachment":[{"href":"https:\/\/www.palamuse.edu.ee\/web3\/wp-json\/wp\/v2\/media?parent=216"}],"curies":[{"name":"wp","href":"https:\/\/api.w.org\/{rel}","templated":true}]}}