{"id":212,"date":"2016-02-18T10:52:50","date_gmt":"2016-02-18T08:52:50","guid":{"rendered":"http:\/\/www.palamuse.edu.ee\/web3\/?page_id=212"},"modified":"2024-08-28T14:51:55","modified_gmt":"2024-08-28T11:51:55","slug":"tundide-ajad","status":"publish","type":"page","link":"https:\/\/www.palamuse.edu.ee\/web3\/tundide-ajad\/","title":{"rendered":"Tundide ajad"},"content":{"rendered":"<h2 style=\"margin-left: 30px; padding-left: 90px;\"><\/h2>\n<table style=\"height: 5px; width: 100%;\" width=\"783\">\n<tbody>\n<tr>\n<td style=\"width: 56.2163%;\"><em>uuendatud 28.08.2024<\/em><br \/>\n1. tund: 9.00 &#8211; 9.45<br \/>\n2.-3. tund: 9.55 &#8211; 11.15<br \/>\n4. tund: 11.25 &#8211; 12.10 (6.-9. klassid), 11.35-12.20 (1.-5. klassid)<br \/>\n<em>\u00a0 \u00a0 \u00a0 s\u00f6\u00f6gi- ja \u00f5uevahetund<\/em><br \/>\n5. tund: 12.40 &#8211; 13.25<br \/>\n6. -7. tund: 13.35 &#8211; 14.55\u00a0 \u00a0 \u00a0 6. tund 13.35 &#8211; 14.20<br \/>\n<em>\u00a0 \u00a0 \u00a0 14.55 pikap\u00e4evaeine\u00a0<\/em><br \/>\n8. tund: 15.00 &#8211; 15.45<br \/>\n<em><br \/>\nreedeti kell 14.30 &#8211; 16.00 j\u00e4relevastamised<br \/>\n<\/em><\/td>\n<\/tr>\n<\/tbody>\n<\/table>\n","protected":false},"excerpt":{"rendered":"<p>uuendatud 28.08.2024 1. tund: 9.00 &#8211; 9.45 2.-3. tund: 9.55 &#8211; 11.15 4. tund: 11.25 &#8211; 12.10 (6.-9. klassid), 11.35-12.20 (1.-5. klassid) \u00a0 \u00a0 \u00a0 s\u00f6\u00f6gi- ja \u00f5uevahetund 5. tund: 12.40 &#8211; 13.25 6. -7. tund: 13.35 &#8211; 14.55\u00a0 \u00a0 \u00a0 6. tund 13.35 &#8211; 14.20 \u00a0 \u00a0 \u00a0 14.55 pikap\u00e4evaeine\u00a0 8. tund: 15.00 &#8211; &hellip; <\/p>\n<p><a class=\"more-link btn\" href=\"https:\/\/www.palamuse.edu.ee\/web3\/tundide-ajad\/\">J\u00e4tka lugemist<\/a><\/p>\n","protected":false},"author":2,"featured_media":0,"parent":0,"menu_order":0,"comment_status":"closed","ping_status":"closed","template":"","meta":[],"_links":{"self":[{"href":"https:\/\/www.palamuse.edu.ee\/web3\/wp-json\/wp\/v2\/pages\/212"}],"collection":[{"href":"https:\/\/www.palamuse.edu.ee\/web3\/wp-json\/wp\/v2\/pages"}],"about":[{"href":"https:\/\/www.palamuse.edu.ee\/web3\/wp-json\/wp\/v2\/types\/page"}],"author":[{"embeddable":true,"href":"https:\/\/www.palamuse.edu.ee\/web3\/wp-json\/wp\/v2\/users\/2"}],"replies":[{"embeddable":true,"href":"https:\/\/www.palamuse.edu.ee\/web3\/wp-json\/wp\/v2\/comments?post=212"}],"version-history":[{"count":5,"href":"https:\/\/www.palamuse.edu.ee\/web3\/wp-json\/wp\/v2\/pages\/212\/revisions"}],"predecessor-version":[{"id":6912,"href":"https:\/\/www.palamuse.edu.ee\/web3\/wp-json\/wp\/v2\/pages\/212\/revisions\/6912"}],"wp:attachment":[{"href":"https:\/\/www.palamuse.edu.ee\/web3\/wp-json\/wp\/v2\/media?parent=212"}],"curies":[{"name":"wp","href":"https:\/\/api.w.org\/{rel}","templated":true}]}}