{"id":2089,"date":"2018-01-22T12:47:55","date_gmt":"2018-01-22T10:47:55","guid":{"rendered":"http:\/\/www.palamuse.edu.ee\/web3\/?page_id=2089"},"modified":"2025-11-11T12:41:49","modified_gmt":"2025-11-11T10:41:49","slug":"oppenoukogu","status":"publish","type":"page","link":"https:\/\/www.palamuse.edu.ee\/web3\/oppenoukogu\/","title":{"rendered":"\u00d5ppen\u00f5ukogu"},"content":{"rendered":"<p><strong>\u00d5ppen\u00f5ukogu korralised kooslekud 2025\/2026 \u00f5ppeaastal<\/strong><\/p>\n<p><strong>september 2025<br \/><\/strong>\u00fcldt\u00f6\u00f6plaani kinnitamine<\/p>\n<p><strong>juuni 2026<br \/><\/strong>1. koosolek &#8211; \u00f5ppeperioodi l\u00f5petamine, p\u00f5hikooli l\u00f5petamine<br \/>2. koosolek &#8211; t\u00e4iendavate \u00f5ppet\u00f6\u00f6de l\u00f5petamine<\/p>\n<p><strong>august 2026<\/strong><br \/>\u00f5ppeaasta l\u00f5petamine<\/p>\n\n","protected":false},"excerpt":{"rendered":"<p>\u00d5ppen\u00f5ukogu korralised kooslekud 2025\/2026 \u00f5ppeaastal september 2025\u00fcldt\u00f6\u00f6plaani kinnitamine juuni 20261. koosolek &#8211; \u00f5ppeperioodi l\u00f5petamine, p\u00f5hikooli l\u00f5petamine2. koosolek &#8211; t\u00e4iendavate \u00f5ppet\u00f6\u00f6de l\u00f5petamine august 2026\u00f5ppeaasta l\u00f5petamine<\/p>\n","protected":false},"author":2,"featured_media":0,"parent":0,"menu_order":0,"comment_status":"closed","ping_status":"closed","template":"","meta":[],"_links":{"self":[{"href":"https:\/\/www.palamuse.edu.ee\/web3\/wp-json\/wp\/v2\/pages\/2089"}],"collection":[{"href":"https:\/\/www.palamuse.edu.ee\/web3\/wp-json\/wp\/v2\/pages"}],"about":[{"href":"https:\/\/www.palamuse.edu.ee\/web3\/wp-json\/wp\/v2\/types\/page"}],"author":[{"embeddable":true,"href":"https:\/\/www.palamuse.edu.ee\/web3\/wp-json\/wp\/v2\/users\/2"}],"replies":[{"embeddable":true,"href":"https:\/\/www.palamuse.edu.ee\/web3\/wp-json\/wp\/v2\/comments?post=2089"}],"version-history":[{"count":5,"href":"https:\/\/www.palamuse.edu.ee\/web3\/wp-json\/wp\/v2\/pages\/2089\/revisions"}],"predecessor-version":[{"id":8335,"href":"https:\/\/www.palamuse.edu.ee\/web3\/wp-json\/wp\/v2\/pages\/2089\/revisions\/8335"}],"wp:attachment":[{"href":"https:\/\/www.palamuse.edu.ee\/web3\/wp-json\/wp\/v2\/media?parent=2089"}],"curies":[{"name":"wp","href":"https:\/\/api.w.org\/{rel}","templated":true}]}}