{"id":185,"date":"2016-02-18T10:27:58","date_gmt":"2016-02-18T08:27:58","guid":{"rendered":"http:\/\/www.palamuse.edu.ee\/web3\/?page_id=185"},"modified":"2025-09-22T16:06:26","modified_gmt":"2025-09-22T13:06:26","slug":"majanduspersonal","status":"publish","type":"page","link":"https:\/\/www.palamuse.edu.ee\/web3\/majanduspersonal\/","title":{"rendered":"Majanduspersonal"},"content":{"rendered":"<p style=\"padding-left: 60px;\"><img loading=\"lazy\" class=\"alignnone size-full wp-image-267\" src=\"https:\/\/www.palamuse.edu.ee\/web3\/wp-content\/uploads\/ico_punkt_pruun.jpg\" alt=\"ico_punkt_pruun\" width=\"8\" height=\"8\" \/>\u00a0Raili Aia,\u00a0koristaja<br \/>\n<img loading=\"lazy\" class=\"alignnone  wp-image-267\" src=\"https:\/\/www.palamuse.edu.ee\/web3\/wp-content\/uploads\/ico_punkt_pruun.jpg\" alt=\"ico_punkt_pruun\" width=\"8\" height=\"8\" \/> Raili Kivistik, abikokk<br \/>\n<img loading=\"lazy\" class=\"alignnone size-full wp-image-267\" src=\"https:\/\/www.palamuse.edu.ee\/web3\/wp-content\/uploads\/ico_punkt_pruun.jpg\" alt=\"ico_punkt_pruun\" width=\"8\" height=\"8\" \/> Karin K\u00f5iv, koristaja<br \/>\n<img loading=\"lazy\" class=\"alignnone  wp-image-267\" src=\"https:\/\/www.palamuse.edu.ee\/web3\/wp-content\/uploads\/ico_punkt_pruun.jpg\" alt=\"ico_punkt_pruun\" width=\"8\" height=\"8\" \/> Hilda Laar, koristaja<br \/>\n<img loading=\"lazy\" class=\"alignnone size-full wp-image-267\" src=\"https:\/\/www.palamuse.edu.ee\/web3\/wp-content\/uploads\/ico_punkt_pruun.jpg\" alt=\"ico_punkt_pruun\" width=\"8\" height=\"8\" \/>\u00a0Merike Laiuste, sekret\u00e4r<br \/>\n<img loading=\"lazy\" class=\"alignnone size-full wp-image-267\" src=\"https:\/\/www.palamuse.edu.ee\/web3\/wp-content\/uploads\/ico_punkt_pruun.jpg\" alt=\"ico_punkt_pruun\" width=\"8\" height=\"8\" \/> Evelin Liiv, raamatupidaja<br \/>\n<img loading=\"lazy\" class=\"alignnone size-full wp-image-267\" src=\"https:\/\/www.palamuse.edu.ee\/web3\/wp-content\/uploads\/ico_punkt_pruun.jpg\" alt=\"ico_punkt_pruun\" width=\"8\" height=\"8\" \/> Tiina Mi\u0161ko, koristaja<br \/>\n<img loading=\"lazy\" class=\"alignnone size-full wp-image-267\" src=\"https:\/\/www.palamuse.edu.ee\/web3\/wp-content\/uploads\/ico_punkt_pruun.jpg\" alt=\"ico_punkt_pruun\" width=\"8\" height=\"8\" \/> Pille-Riin M\u00e4erand, peakokk<br \/>\n<img loading=\"lazy\" class=\"alignnone size-full wp-image-267\" src=\"https:\/\/www.palamuse.edu.ee\/web3\/wp-content\/uploads\/ico_punkt_pruun.jpg\" alt=\"ico_punkt_pruun\" width=\"8\" height=\"8\" \/> Madis Nigula, majandusjuhataja<br \/>\n<img loading=\"lazy\" class=\"alignnone size-full wp-image-267\" src=\"https:\/\/www.palamuse.edu.ee\/web3\/wp-content\/uploads\/ico_punkt_pruun.jpg\" alt=\"ico_punkt_pruun\" width=\"8\" height=\"8\" \/> Harri Zekker, majahoidja<br \/>\n<img loading=\"lazy\" class=\"alignnone size-full wp-image-267\" src=\"https:\/\/www.palamuse.edu.ee\/web3\/wp-content\/uploads\/ico_punkt_pruun.jpg\" alt=\"ico_punkt_pruun\" width=\"8\" height=\"8\" \/> Livia Zekker, abikokk<\/p>\n","protected":false},"excerpt":{"rendered":"<p>\u00a0Raili Aia,\u00a0koristaja Raili Kivistik, abikokk Karin K\u00f5iv, koristaja Hilda Laar, koristaja \u00a0Merike Laiuste, sekret\u00e4r Evelin Liiv, raamatupidaja Tiina Mi\u0161ko, koristaja Pille-Riin M\u00e4erand, peakokk Madis Nigula, majandusjuhataja Harri Zekker, majahoidja Livia Zekker, abikokk<\/p>\n","protected":false},"author":2,"featured_media":0,"parent":0,"menu_order":0,"comment_status":"closed","ping_status":"closed","template":"","meta":[],"_links":{"self":[{"href":"https:\/\/www.palamuse.edu.ee\/web3\/wp-json\/wp\/v2\/pages\/185"}],"collection":[{"href":"https:\/\/www.palamuse.edu.ee\/web3\/wp-json\/wp\/v2\/pages"}],"about":[{"href":"https:\/\/www.palamuse.edu.ee\/web3\/wp-json\/wp\/v2\/types\/page"}],"author":[{"embeddable":true,"href":"https:\/\/www.palamuse.edu.ee\/web3\/wp-json\/wp\/v2\/users\/2"}],"replies":[{"embeddable":true,"href":"https:\/\/www.palamuse.edu.ee\/web3\/wp-json\/wp\/v2\/comments?post=185"}],"version-history":[{"count":5,"href":"https:\/\/www.palamuse.edu.ee\/web3\/wp-json\/wp\/v2\/pages\/185\/revisions"}],"predecessor-version":[{"id":8211,"href":"https:\/\/www.palamuse.edu.ee\/web3\/wp-json\/wp\/v2\/pages\/185\/revisions\/8211"}],"wp:attachment":[{"href":"https:\/\/www.palamuse.edu.ee\/web3\/wp-json\/wp\/v2\/media?parent=185"}],"curies":[{"name":"wp","href":"https:\/\/api.w.org\/{rel}","templated":true}]}}