{"id":181,"date":"2016-02-18T10:27:11","date_gmt":"2016-02-18T08:27:11","guid":{"rendered":"http:\/\/www.palamuse.edu.ee\/web3\/?page_id=181"},"modified":"2025-09-22T11:49:02","modified_gmt":"2025-09-22T08:49:02","slug":"opilasesindus","status":"publish","type":"page","link":"https:\/\/www.palamuse.edu.ee\/web3\/opilasesindus\/","title":{"rendered":"\u00d5pilasesindus"},"content":{"rendered":"\n<p>\u00d5PILASESINDUS 2025-2026<\/p>\n<p>1. Richard Vestel 5. klass<br \/>2. Hugo Alling 5. klass<br \/>3. Moona M\u00e4gi 6. klass<br \/>4. Piibe Mari Kull 6. klass<br \/>5. Iti Korkmann 7. klass- president<br \/>6. Sander Toim 7. klass<br \/>7. S\u00e4de Neare 7. klass<br \/>8. Jasper K\u00e4go 8. a klass<br \/>9. Mariela Renate Labe 8. a klass<br \/>10. Kaisa Raudsepp 8. b klass<br \/>11. Marii Eliis Libba 9. klass- esindaja hoolekogus<br \/>12. Anders Aasmaa 9. klass<\/p>\n","protected":false},"excerpt":{"rendered":"<p>\u00d5PILASESINDUS 2025-2026 1. Richard Vestel 5. klass2. Hugo Alling 5. klass3. Moona M\u00e4gi 6. klass4. Piibe Mari Kull 6. klass5. Iti Korkmann 7. klass- president6. Sander Toim 7. klass7. S\u00e4de Neare 7. klass8. Jasper K\u00e4go 8. a klass9. Mariela Renate Labe 8. a klass10. Kaisa Raudsepp 8. b klass11. Marii Eliis Libba 9. klass- esindaja &hellip; <\/p>\n<p><a class=\"more-link btn\" href=\"https:\/\/www.palamuse.edu.ee\/web3\/opilasesindus\/\">J\u00e4tka lugemist<\/a><\/p>\n","protected":false},"author":2,"featured_media":0,"parent":0,"menu_order":0,"comment_status":"closed","ping_status":"closed","template":"","meta":[],"_links":{"self":[{"href":"https:\/\/www.palamuse.edu.ee\/web3\/wp-json\/wp\/v2\/pages\/181"}],"collection":[{"href":"https:\/\/www.palamuse.edu.ee\/web3\/wp-json\/wp\/v2\/pages"}],"about":[{"href":"https:\/\/www.palamuse.edu.ee\/web3\/wp-json\/wp\/v2\/types\/page"}],"author":[{"embeddable":true,"href":"https:\/\/www.palamuse.edu.ee\/web3\/wp-json\/wp\/v2\/users\/2"}],"replies":[{"embeddable":true,"href":"https:\/\/www.palamuse.edu.ee\/web3\/wp-json\/wp\/v2\/comments?post=181"}],"version-history":[{"count":5,"href":"https:\/\/www.palamuse.edu.ee\/web3\/wp-json\/wp\/v2\/pages\/181\/revisions"}],"predecessor-version":[{"id":8209,"href":"https:\/\/www.palamuse.edu.ee\/web3\/wp-json\/wp\/v2\/pages\/181\/revisions\/8209"}],"wp:attachment":[{"href":"https:\/\/www.palamuse.edu.ee\/web3\/wp-json\/wp\/v2\/media?parent=181"}],"curies":[{"name":"wp","href":"https:\/\/api.w.org\/{rel}","templated":true}]}}