{"id":179,"date":"2016-02-18T10:26:56","date_gmt":"2016-02-18T08:26:56","guid":{"rendered":"http:\/\/www.palamuse.edu.ee\/web3\/?page_id=179"},"modified":"2026-02-17T15:50:50","modified_gmt":"2026-02-17T13:50:50","slug":"opilased","status":"publish","type":"page","link":"https:\/\/www.palamuse.edu.ee\/web3\/opilased\/","title":{"rendered":"\u00d5pilased"},"content":{"rendered":"<p>Seisuga 01.02.2026\u00a0 193 \u00f5pilast<\/p>\n<div style=\"direction: ltr;\">\n<table style=\"direction: ltr; border-collapse: collapse; border: 1pt solid #a3a3a3; width: 100.18%; height: 420px;\" border=\"1\" cellspacing=\"0\" cellpadding=\"0\">\n<tbody>\n<tr style=\"height: 35px;\">\n<td style=\"vertical-align: top; width: 23.7838%; padding: 4pt; border: 1pt solid #a3a3a3; height: 35px;\">\n<p style=\"margin: 0in; font-family: Calibri; font-size: 14.0pt;\"><span style=\"color: #000000;\">1a<\/span><\/p>\n<\/td>\n<td style=\"vertical-align: top; width: 58.1982%; padding: 4pt; border: 1pt solid #a3a3a3; height: 35px;\">\n<p style=\"margin: 0in; font-family: Calibri; font-size: 14.0pt;\"><span style=\"color: #000000;\">Riin P\u00e4rn<\/span><\/p>\n<\/td>\n<td style=\"vertical-align: top; width: 17.8378%; padding: 4pt; border: 1pt solid #a3a3a3; height: 35px;\">\n<p style=\"margin: 0in; font-family: Calibri; font-size: 14.0pt; color: black;\"><span style=\"color: #000000;\">13<\/span><\/p>\n<\/td>\n<\/tr>\n<tr style=\"height: 35px;\">\n<td style=\"vertical-align: top; width: 23.7838%; padding: 4pt; border: 1pt solid #a3a3a3; height: 35px;\">\n<p style=\"margin: 0in; font-family: Calibri; font-size: 14.0pt;\"><span style=\"color: #000000;\">1b<\/span><\/p>\n<\/td>\n<td style=\"vertical-align: top; width: 58.1982%; padding: 4pt; border: 1pt solid #a3a3a3; height: 35px;\">\n<p style=\"margin: 0in; font-family: Calibri; font-size: 14.0pt;\"><span style=\"color: #000000;\">Piia Norring<\/span><\/p>\n<\/td>\n<td style=\"vertical-align: top; width: 17.8378%; padding: 4pt; border: 1pt solid #a3a3a3; height: 35px;\">\n<p style=\"margin: 0in; font-family: Calibri; font-size: 14.0pt; color: black;\"><span style=\"color: #000000;\">12<\/span><\/p>\n<\/td>\n<\/tr>\n<tr style=\"height: 35px;\">\n<td style=\"vertical-align: top; width: 23.7838%; padding: 4pt; border: 1pt solid #a3a3a3; height: 35px;\">\n<p style=\"margin: 0in; font-family: Calibri; font-size: 14.0pt;\"><span style=\"color: #000000;\">2<\/span><\/p>\n<\/td>\n<td style=\"vertical-align: top; width: 58.1982%; padding: 4pt; border: 1pt solid #a3a3a3; height: 35px;\">\n<p style=\"margin: 0in; font-family: Calibri; font-size: 14.0pt;\"><span style=\"color: #000000;\">Merike Olgo<\/span><\/p>\n<\/td>\n<td style=\"vertical-align: top; width: 17.8378%; padding: 4pt; border: 1pt solid #a3a3a3; height: 35px;\">\n<p style=\"margin: 0in; font-family: Calibri; font-size: 14.0pt; color: black;\"><span style=\"color: #000000;\">18<\/span><\/p>\n<\/td>\n<\/tr>\n<tr style=\"height: 35px;\">\n<td style=\"vertical-align: top; width: 23.7838%; padding: 4pt; border: 1pt solid #a3a3a3; height: 35px;\">\n<p style=\"margin: 0in; font-family: Calibri; font-size: 14.0pt;\"><span style=\"color: #000000;\">3<\/span><\/p>\n<\/td>\n<td style=\"vertical-align: top; width: 58.1982%; padding: 4pt; border: 1pt solid #a3a3a3; height: 35px;\">\n<p style=\"margin: 0in; font-family: Calibri; font-size: 14.0pt;\"><span style=\"color: #000000;\">Katrina Tammistu<\/span><\/p>\n<\/td>\n<td style=\"vertical-align: top; width: 17.8378%; padding: 4pt; border: 1pt solid #a3a3a3; height: 35px;\">\n<p style=\"margin: 0in; font-family: Calibri; font-size: 14.0pt; color: black;\"><span style=\"color: #000000;\">22<\/span><\/p>\n<\/td>\n<\/tr>\n<tr style=\"height: 36px;\">\n<td style=\"vertical-align: top; width: 23.7838%; padding: 4pt; border: 1pt solid #a3a3a3; height: 36px;\">\n<p style=\"margin: 0in; font-family: Calibri; font-size: 14.0pt;\"><span style=\"color: #000000;\">4<\/span><\/p>\n<\/td>\n<td style=\"vertical-align: top; width: 58.1982%; padding: 4pt; border: 1pt solid #a3a3a3; height: 36px;\"><span style=\"color: #000000;\">Janne Lamus<\/span><\/td>\n<td style=\"vertical-align: top; width: 17.8378%; padding: 4pt; border: 1pt solid #a3a3a3; height: 36px;\">\n<p style=\"margin: 0in; font-family: Calibri; font-size: 14.0pt; color: black;\"><span style=\"color: #000000;\">23<\/span><\/p>\n<\/td>\n<\/tr>\n<tr style=\"height: 35px;\">\n<td style=\"vertical-align: top; width: 23.7838%; padding: 4pt; border: 1pt solid #a3a3a3; height: 35px;\">\n<p style=\"margin: 0in; font-family: Calibri; font-size: 14.0pt;\"><span style=\"color: #000000;\">5<\/span><\/p>\n<\/td>\n<td style=\"vertical-align: top; width: 58.1982%; padding: 4pt; border: 1pt solid #a3a3a3; height: 35px;\">\n<p style=\"margin: 0in; font-family: Calibri; font-size: 14.0pt;\">Egle Plato<\/p>\n<\/td>\n<td style=\"vertical-align: top; width: 17.8378%; padding: 4pt; border: 1pt solid #a3a3a3; height: 35px;\">\n<p style=\"margin: 0in; font-family: Calibri; font-size: 14.0pt; color: black;\"><span style=\"color: #000000;\">19<\/span><\/p>\n<\/td>\n<\/tr>\n<tr style=\"height: 34px;\">\n<td style=\"vertical-align: top; width: 23.7838%; padding: 4pt; border: 1pt solid #a3a3a3; height: 34px;\"><span style=\"color: #000000;\">6<\/span><\/td>\n<td style=\"vertical-align: top; width: 58.1982%; padding: 4pt; border: 1pt solid #a3a3a3; height: 34px;\"><span style=\"color: #000000;\">Eha Kuld<\/span><\/td>\n<td style=\"vertical-align: top; width: 17.8378%; padding: 4pt; border: 1pt solid #a3a3a3; height: 34px;\"><span style=\"color: #000000;\">16<\/span><\/td>\n<\/tr>\n<tr style=\"height: 35px;\">\n<td style=\"vertical-align: top; width: 23.7838%; padding: 4pt; border: 1pt solid #a3a3a3; height: 35px;\"><span style=\"color: #000000;\">7<\/span><\/td>\n<td style=\"vertical-align: top; width: 58.1982%; padding: 4pt; border: 1pt solid #a3a3a3; height: 35px;\"><span style=\"color: #000000;\">K\u00fclli Kolde<\/span><\/td>\n<td style=\"vertical-align: top; width: 17.8378%; padding: 4pt; border: 1pt solid #a3a3a3; height: 35px;\">\n<p style=\"margin: 0in; font-family: Calibri; font-size: 14.0pt; color: black;\"><span style=\"color: #000000;\">23<\/span><\/p>\n<\/td>\n<\/tr>\n<tr style=\"height: 35px;\">\n<td style=\"vertical-align: top; width: 23.7838%; padding: 4pt; border: 1pt solid #a3a3a3; height: 35px;\">\n<p style=\"margin: 0in; font-family: Calibri; font-size: 14.0pt;\"><span style=\"color: #000000;\">8a<\/span><\/p>\n<\/td>\n<td style=\"vertical-align: top; width: 58.1982%; padding: 4pt; border: 1pt solid #a3a3a3; height: 35px;\"><span style=\"color: #000000;\">Kalle Kolde<\/span><\/td>\n<td style=\"vertical-align: top; width: 17.8378%; padding: 4pt; border: 1pt solid #a3a3a3; height: 35px;\">\n<p style=\"margin: 0in; font-family: Calibri; font-size: 14.0pt; color: black;\"><span style=\"color: #000000;\">18<\/span><\/p>\n<\/td>\n<\/tr>\n<tr style=\"height: 35px;\">\n<td style=\"vertical-align: top; width: 23.7838%; padding: 4pt; border: 1pt solid #a3a3a3; height: 35px;\">\n<p style=\"margin: 0in; font-family: Calibri; font-size: 14.0pt;\"><span style=\"color: #000000;\">8b<\/span><\/p>\n<\/td>\n<td style=\"vertical-align: top; width: 58.1982%; padding: 4pt; border: 1pt solid #a3a3a3; height: 35px;\">\n<p style=\"margin: 0in; font-family: Calibri; font-size: 14.0pt;\"><span style=\"color: #000000;\">Inge J\u00f5gi<\/span><\/p>\n<\/td>\n<td style=\"vertical-align: top; width: 17.8378%; padding: 4pt; border: 1pt solid #a3a3a3; height: 35px;\">\n<p style=\"margin: 0in; font-family: Calibri; font-size: 14.0pt;\"><span style=\"color: #000000;\">6<\/span><\/p>\n<\/td>\n<\/tr>\n<tr style=\"height: 35px;\">\n<td style=\"vertical-align: top; width: 23.7838%; padding: 4pt; border: 1pt solid #a3a3a3; height: 35px;\">\n<p style=\"margin: 0in; font-family: Calibri; font-size: 14.0pt;\"><span style=\"color: #000000;\">9<\/span><\/p>\n<\/td>\n<td style=\"vertical-align: top; width: 58.1982%; padding: 4pt; border: 1pt solid #a3a3a3; height: 35px;\">\n<p style=\"margin: 0in; font-family: Calibri; font-size: 14.0pt;\"><span style=\"color: #000000;\">Evelyn Merusk<\/span><\/p>\n<\/td>\n<td style=\"vertical-align: top; width: 17.8378%; padding: 4pt; border: 1pt solid #a3a3a3; height: 35px;\">\n<p style=\"margin: 0in; font-family: Calibri; font-size: 14.0pt;\"><span style=\"color: #000000;\">21<\/span><\/p>\n<\/td>\n<\/tr>\n<tr style=\"height: 35px;\">\n<td style=\"vertical-align: top; width: 23.7838%; padding: 4pt; border: 1pt solid #a3a3a3; height: 35px;\">\n<p style=\"margin: 0in; font-family: Calibri; font-size: 14.0pt;\"><span style=\"color: #000000;\">9k<\/span><\/p>\n<\/td>\n<td style=\"vertical-align: top; width: 58.1982%; padding: 4pt; border: 1pt solid #a3a3a3; height: 35px;\">\n<p style=\"margin: 0in; font-family: Calibri; font-size: 14.0pt;\"><span style=\"color: #000000;\">Mariliis Kapral<br \/><\/span><\/p>\n<\/td>\n<td style=\"vertical-align: top; width: 17.8378%; padding: 4pt; border: 1pt solid #a3a3a3; height: 35px;\">2<\/td>\n<\/tr>\n<\/tbody>\n<\/table>\n<\/div>\n<div>\n<div style=\"direction: ltr;\">\u00a0<\/div>\n<\/div>\n\n","protected":false},"excerpt":{"rendered":"<p>Seisuga 01.02.2026\u00a0 193 \u00f5pilast 1a Riin P\u00e4rn 13 1b Piia Norring 12 2 Merike Olgo 18 3 Katrina Tammistu 22 4 Janne Lamus 23 5 Egle Plato 19 6 Eha Kuld 16 7 K\u00fclli Kolde 23 8a Kalle Kolde 18 8b Inge J\u00f5gi 6 9 Evelyn Merusk 21 9k Mariliis Kapral 2 \u00a0<\/p>\n","protected":false},"author":2,"featured_media":0,"parent":0,"menu_order":0,"comment_status":"closed","ping_status":"closed","template":"","meta":[],"_links":{"self":[{"href":"https:\/\/www.palamuse.edu.ee\/web3\/wp-json\/wp\/v2\/pages\/179"}],"collection":[{"href":"https:\/\/www.palamuse.edu.ee\/web3\/wp-json\/wp\/v2\/pages"}],"about":[{"href":"https:\/\/www.palamuse.edu.ee\/web3\/wp-json\/wp\/v2\/types\/page"}],"author":[{"embeddable":true,"href":"https:\/\/www.palamuse.edu.ee\/web3\/wp-json\/wp\/v2\/users\/2"}],"replies":[{"embeddable":true,"href":"https:\/\/www.palamuse.edu.ee\/web3\/wp-json\/wp\/v2\/comments?post=179"}],"version-history":[{"count":5,"href":"https:\/\/www.palamuse.edu.ee\/web3\/wp-json\/wp\/v2\/pages\/179\/revisions"}],"predecessor-version":[{"id":8553,"href":"https:\/\/www.palamuse.edu.ee\/web3\/wp-json\/wp\/v2\/pages\/179\/revisions\/8553"}],"wp:attachment":[{"href":"https:\/\/www.palamuse.edu.ee\/web3\/wp-json\/wp\/v2\/media?parent=179"}],"curies":[{"name":"wp","href":"https:\/\/api.w.org\/{rel}","templated":true}]}}